{"id":3187,"date":"2022-03-22T06:04:11","date_gmt":"2022-03-22T06:04:11","guid":{"rendered":"https:\/\/hdzi.hr\/wpnew\/?page_id=3187"},"modified":"2023-02-04T16:13:56","modified_gmt":"2023-02-04T16:13:56","slug":"druga-radionica-18-i-19-3-2022","status":"publish","type":"page","link":"https:\/\/hdzi.hr\/wpnew\/?page_id=3187","title":{"rendered":"Druga radionica-18. i 19. 3. 2022."},"content":{"rendered":"<p>[et_pb_section fb_built=&#8221;1&#8243; _builder_version=&#8221;4.0.9&#8243; custom_padding=&#8221;13px|||||&#8221;][et_pb_row _builder_version=&#8221;4.0.9&#8243;][et_pb_column type=&#8221;4_4&#8243; _builder_version=&#8221;4.0.9&#8243;][et_pb_button url_new_window=&#8221;on&#8221; button_text=&#8221;Druga radionica Akademije 21&#8243; button_alignment=&#8221;left&#8221; _builder_version=&#8221;4.0.9&#8243; custom_button=&#8221;on&#8221; button_text_size=&#8221;12px&#8221; button_text_color=&#8221;#ffffff&#8221; button_bg_color=&#8221;#41547d&#8221; button_border_width=&#8221;0px&#8221; button_border_radius=&#8221;0px&#8221; button_letter_spacing=&#8221;2px&#8221; button_font=&#8221;Muli|800||on|||||&#8221; custom_margin=&#8221;6px||3px|88px|false|false&#8221; custom_padding=&#8221;9px|47px|9px|47px|true|true&#8221; animation_style=&#8221;flip&#8221; box_shadow_style=&#8221;preset1&#8243; box_shadow_vertical=&#8221;4px&#8221; box_shadow_blur=&#8221;38px&#8221; box_shadow_color=&#8221;rgba(65,84,125,0.19)&#8221; box_shadow_vertical__hover=&#8221;20px&#8221; box_shadow_vertical__hover_enabled=&#8221;on&#8221; box_shadow_blur__hover=&#8221;20px&#8221; box_shadow_color__hover=&#8221;rgba(223,171,130,0.52)&#8221;][\/et_pb_button][\/et_pb_column][\/et_pb_row][et_pb_row column_structure=&#8221;3_5,2_5&#8243; _builder_version=&#8221;4.0.9&#8243; custom_margin=&#8221;-15px|auto||auto||&#8221;][et_pb_column type=&#8221;3_5&#8243; _builder_version=&#8221;4.0.9&#8243;][et_pb_image src=&#8221;https:\/\/hdzi.hr\/wpnew\/wp-content\/uploads\/2022\/03\/Program-radionice-scaled.jpg&#8221; show_in_lightbox=&#8221;on&#8221; align=&#8221;center&#8221; _builder_version=&#8221;4.0.9&#8243; width=&#8221;80%&#8221;][\/et_pb_image][\/et_pb_column][et_pb_column type=&#8221;2_5&#8243; _builder_version=&#8221;4.0.9&#8243;][et_pb_image src=&#8221;https:\/\/hdzi.hr\/wpnew\/wp-content\/uploads\/2022\/03\/Predavaci-1.-dio-scaled.jpg&#8221; show_in_lightbox=&#8221;on&#8221; _builder_version=&#8221;4.0.9&#8243; custom_margin=&#8221;||-6px|||&#8221;][\/et_pb_image][et_pb_image src=&#8221;https:\/\/hdzi.hr\/wpnew\/wp-content\/uploads\/2022\/03\/Predavaci-2.-dio-scaled.jpg&#8221; show_in_lightbox=&#8221;on&#8221; _builder_version=&#8221;4.0.9&#8243; custom_margin=&#8221;14px|||||&#8221; custom_padding=&#8221;13px|||||&#8221;][\/et_pb_image][\/et_pb_column][\/et_pb_row][\/et_pb_section][et_pb_section fb_built=&#8221;1&#8243; _builder_version=&#8221;4.0.9&#8243; background_color=&#8221;rgba(0,30,63,0.13)&#8221; custom_margin=&#8221;||-16px|||&#8221; custom_padding=&#8221;||31px|||&#8221;][et_pb_row column_structure=&#8221;1_2,1_2&#8243; _builder_version=&#8221;4.0.9&#8243; custom_padding=&#8221;||0px|||&#8221;][et_pb_column type=&#8221;1_2&#8243; _builder_version=&#8221;4.0.9&#8243;][et_pb_button button_text=&#8221;Predavanja&#8221; button_alignment=&#8221;left&#8221; _builder_version=&#8221;4.0.9&#8243; custom_button=&#8221;on&#8221; button_text_size=&#8221;12px&#8221; button_text_color=&#8221;#41547d&#8221; button_bg_color=&#8221;#ffffff&#8221; button_border_width=&#8221;0px&#8221; button_border_color=&#8221;rgba(0,0,0,0)&#8221; button_border_radius=&#8221;0px&#8221; button_letter_spacing=&#8221;2px&#8221; button_font=&#8221;Muli|800||on|||||&#8221; custom_margin=&#8221;-19px|15px|||false|false&#8221; custom_padding=&#8221;11px|30px|11px|30px|true|true&#8221; animation_style=&#8221;flip&#8221; z_index=&#8221;999&#8243; box_shadow_style=&#8221;preset1&#8243; box_shadow_vertical=&#8221;10px&#8221; box_shadow_blur=&#8221;20px&#8221; box_shadow_color=&#8221;rgba(65,84,125,0.2)&#8221; button_bg_color__hover=&#8221;#ffffff&#8221; button_bg_color__hover_enabled=&#8221;on|hover&#8221; box_shadow_vertical__hover=&#8221;20px&#8221; box_shadow_vertical__hover_enabled=&#8221;on&#8221; box_shadow_blur__hover=&#8221;20px&#8221; box_shadow_color__hover=&#8221;rgba(223,171,130,0.52)&#8221; button_bg_enable_color__hover=&#8221;on&#8221;][\/et_pb_button][et_pb_text _builder_version=&#8221;4.0.9&#8243;]<\/p>\n<div class=\"page-header\">\n<h4><strong><a href=\"https:\/\/hdzi.hr\/wpnew\/wp-content\/uploads\/2021\/10\/Prezentacija-Bogdan-Zgonc.pdf\">dr. sc. Kre\u0161imir Vidovi\u0107:<\/a><\/strong><\/h4>\n<h4><span style=\"color: #3366ff;\"><a href=\"https:\/\/hdzi.hr\/wpnew\/wp-content\/uploads\/2022\/03\/Digitalizacija-zeljeznice-K.-Vidovic-ENT.pdf\" style=\"color: #3366ff;\">Digitalizacija \u017eeljeznice<\/a><\/span><\/h4>\n<h4><\/h4>\n<h4><strong><a href=\"https:\/\/hdzi.hr\/wpnew\/wp-content\/uploads\/2021\/10\/Prezentacija-Toma\u017e-Motoh-Oblik-.pdf\">prof.dr.sc. Branislav Bo\u0161kovi\u0107:<\/a><\/strong><\/h4>\n<h4><span style=\"color: #3366ff;\"><a href=\"https:\/\/hdzi.hr\/wpnew\/wp-content\/uploads\/2022\/03\/Sistem-inzenjeri-na-zeljeznici-B.-Boskovic-DIZS-.pdf\" style=\"color: #3366ff;\">Sistem in\u017eenjeri\u00a0 \u017eeleznice<\/a><\/span><\/h4>\n<\/div>\n<div>\n<h4><\/h4>\n<h4><a href=\"https:\/\/hdzi.hr\/wpnew\/wp-content\/uploads\/2021\/10\/Prezentacija-Du\u0161an-Bala\u017ei\u010d-.pdf\"><strong>Marko Vajdi\u0107<\/strong>: <\/a><\/h4>\n<h4><span style=\"color: #3366ff;\"><a href=\"https:\/\/hdzi.hr\/wpnew\/wp-content\/uploads\/2022\/03\/Izazovi-velikih-zeljeznickih-projekata-M.-Vajdic-DB.pdf\" style=\"color: #3366ff;\">Izazovi velikih \u017eeljezni\u010dkih projekata<\/a><\/span><\/h4>\n<h4><\/h4>\n<h4><strong><a href=\"https:\/\/hdzi.hr\/wpnew\/wp-content\/uploads\/2021\/10\/Prezentacija-MarkoAndreja\u0161.pdf\">Roman Lavri\u010d: <\/a><\/strong><\/h4>\n<h4><span style=\"color: #3366ff;\"><a href=\"https:\/\/hdzi.hr\/wpnew\/wp-content\/uploads\/2022\/03\/Uvodenje-novih-digitelnih-rjesenje-na-podrucju-ZI-1-R.-Lavric-SM.pdf\" style=\"color: #3366ff;\">Uvo\u0111enje novih digitalnih rje\u0161enja na podru\u010dje \u017dI 1. dio<\/a><\/span><\/h4>\n<h4><span style=\"color: #3366ff;\"><a href=\"https:\/\/hdzi.hr\/wpnew\/wp-content\/uploads\/2022\/03\/Uvodenje-novih-digitelnih-rjesenje-na-podrucju-ZI-2-R.-Lavric-SM.pdf\" style=\"color: #3366ff;\">Uvo\u0111enje novih digitalnih rje\u0161enja na podru\u010dje \u017dI 2. dio<\/a><\/span><\/h4>\n<h4><span style=\"color: #3366ff;\"><a href=\"https:\/\/hdzi.hr\/wpnew\/wp-content\/uploads\/2022\/03\/Uvodenje-novih-digitelnih-rjesenje-na-podrucju-ZI-3-R.-Lavric-SM.pdf\" style=\"color: #3366ff;\">Uvo\u0111enje novih digitalnih rje\u0161enja na podru\u010dje \u017dI 3. dio<\/a><\/span><\/h4>\n<h4><\/h4>\n<h4><strong><a href=\"https:\/\/hdzi.hr\/wpnew\/wp-content\/uploads\/2021\/10\/Prezentacija-Drago-Pupavac.pdf\">izv.prof.dr. sc. Hrvoje Haramina: <\/a><\/strong><\/h4>\n<h4><a href=\"https:\/\/hdzi.hr\/wpnew\/wp-content\/uploads\/2022\/03\/HDZ-I-Akademija-21-H.Haramina.pdf\"><span style=\"color: #3366ff;\">Inteligentni transportni sustavi u funkciji upravljanja \u017eeljezni\u010dkim prometom<\/span><\/a><\/h4>\n<h4><\/h4>\n<h4><strong><a href=\"https:\/\/hdzi.hr\/wpnew\/wp-content\/uploads\/2021\/10\/Prezentacija-Frano-Barbir.pdf\">Ivica \u0160krti\u0107: <\/a><\/strong><\/h4>\n<h4><span style=\"color: #3366ff;\"><a href=\"https:\/\/hdzi.hr\/wpnew\/wp-content\/uploads\/2022\/03\/Razvoj-i-nadzor-liberaliziranog-zeljeznickog-trzista-u-RH-I.-Skrtic-HAKOM.pdf\" style=\"color: #3366ff;\">Razvoj i nadzor liberaliziranog \u017eeljezni\u010dkog tr\u017ei\u0161ta u Republici<\/a><\/span><br \/> <span style=\"color: #3366ff;\"> <a href=\"https:\/\/hdzi.hr\/wpnew\/wp-content\/uploads\/2022\/03\/Razvoj-i-nadzor-liberaliziranog-zeljeznickog-trzista-u-RH-I.-Skrtic-HAKOM.pdf\" style=\"color: #3366ff;\">Hrvatskoj<\/a><\/span><\/h4>\n<h4><\/h4>\n<h4><a href=\"https:\/\/hdzi.hr\/wpnew\/wp-content\/uploads\/2021\/10\/Prezentacija-Vladimir-Djukic.pdf\"><strong><\/strong><\/a><\/h4>\n<\/div>\n<p>[\/et_pb_text][\/et_pb_column][et_pb_column type=&#8221;1_2&#8243; _builder_version=&#8221;4.0.9&#8243;][et_pb_button button_text=&#8221;Galerija fotografija&#8221; button_alignment=&#8221;left&#8221; _builder_version=&#8221;4.0.9&#8243; custom_button=&#8221;on&#8221; button_text_size=&#8221;12px&#8221; button_text_color=&#8221;#41547d&#8221; button_bg_color=&#8221;#ffffff&#8221; button_border_width=&#8221;0px&#8221; button_border_color=&#8221;rgba(0,0,0,0)&#8221; button_border_radius=&#8221;0px&#8221; button_letter_spacing=&#8221;2px&#8221; button_font=&#8221;Muli|800||on|||||&#8221; custom_margin=&#8221;-19px|15px|||false|false&#8221; custom_padding=&#8221;11px|30px|11px|30px|true|true&#8221; animation_style=&#8221;flip&#8221; z_index=&#8221;999&#8243; box_shadow_style=&#8221;preset1&#8243; box_shadow_vertical=&#8221;10px&#8221; box_shadow_blur=&#8221;20px&#8221; box_shadow_color=&#8221;rgba(65,84,125,0.2)&#8221; button_bg_color__hover=&#8221;#ffffff&#8221; button_bg_color__hover_enabled=&#8221;on|hover&#8221; box_shadow_vertical__hover=&#8221;20px&#8221; box_shadow_vertical__hover_enabled=&#8221;on&#8221; box_shadow_blur__hover=&#8221;20px&#8221; box_shadow_color__hover=&#8221;rgba(223,171,130,0.52)&#8221; button_bg_enable_color__hover=&#8221;on&#8221;][\/et_pb_button][et_pb_gallery gallery_ids=&#8221;3208,3209,3210,3223,3222,3224,3225,3226&#8243; posts_number=&#8221;8&#8243; show_title_and_caption=&#8221;off&#8221; _builder_version=&#8221;4.0.9&#8243; custom_margin=&#8221;70px|||||&#8221;][\/et_pb_gallery][\/et_pb_column][\/et_pb_row][\/et_pb_section][et_pb_section fb_built=&#8221;1&#8243; _builder_version=&#8221;4.0.9&#8243; use_background_color_gradient=&#8221;on&#8221; background_color_gradient_start=&#8221;rgba(112,112,112,0.48)&#8221; background_color_gradient_end=&#8221;rgba(0,0,0,0.08)&#8221; background_enable_image=&#8221;off&#8221; parallax=&#8221;on&#8221; min_height=&#8221;484px&#8221; custom_margin=&#8221;11px||||false|false&#8221;][et_pb_row column_structure=&#8221;1_3,1_3,1_3&#8243; _builder_version=&#8221;4.0.9&#8243;][et_pb_column type=&#8221;1_3&#8243; _builder_version=&#8221;4.0.9&#8243; box_shadow_style=&#8221;preset1&#8243; box_shadow_horizontal=&#8221;-41px&#8221; box_shadow_vertical=&#8221;45px&#8221; box_shadow_blur=&#8221;180px&#8221; box_shadow_color=&#8221;rgba(0,0,0,0.35)&#8221;][et_pb_login title=&#8221;Ulogirajte se&#8221; _builder_version=&#8221;4.0.9&#8243; form_field_background_color=&#8221;#ffffff&#8221; form_field_focus_background_color=&#8221;#ffffff&#8221; header_font=&#8221;|300|||||||&#8221; header_text_align=&#8221;center&#8221; header_text_color=&#8221;#ffffff&#8221; header_font_size=&#8221;27px&#8221; header_line_height=&#8221;1.3em&#8221; background_color=&#8221;#7192c7&#8243; custom_button=&#8221;on&#8221; button_text_size=&#8221;12px&#8221; button_text_color=&#8221;#41547d&#8221; button_bg_color=&#8221;#ffffff&#8221; button_border_width=&#8221;0px&#8221; button_border_color=&#8221;rgba(0,0,0,0)&#8221; button_border_radius=&#8221;0px&#8221; button_letter_spacing=&#8221;2px&#8221; button_font=&#8221;Muli|800||on|||||&#8221; button_custom_padding=&#8221;6px|0px|6px|0px|false|false&#8221; width=&#8221;100%&#8221; max_width=&#8221;100%&#8221; header_text_shadow_style=&#8221;preset5&#8243; header_text_shadow_horizontal_length=&#8221;0.04em&#8221; header_text_shadow_vertical_length=&#8221;0.04em&#8221; header_text_shadow_color=&#8221;#000000&#8243; header_text_shadow_horizontal_length_tablet=&#8221;0px&#8221; header_text_shadow_vertical_length_tablet=&#8221;0px&#8221; header_text_shadow_blur_strength_tablet=&#8221;1px&#8221; border_radii_fields=&#8221;on|0px|0px|0px|0px&#8221; box_shadow_horizontal_button_tablet=&#8221;0px&#8221; box_shadow_vertical_button_tablet=&#8221;0px&#8221; box_shadow_blur_button_tablet=&#8221;40px&#8221; box_shadow_spread_button_tablet=&#8221;0px&#8221; header_text_shadow_blur_strength__hover_enabled=&#8221;on|desktop&#8221; button_bg_color__hover_enabled=&#8221;on|hover&#8221;][\/et_pb_login][\/et_pb_column][et_pb_column type=&#8221;1_3&#8243; _builder_version=&#8221;4.0.9&#8243; background_color=&#8221;#7192c7&#8243; box_shadow_style=&#8221;preset1&#8243; box_shadow_horizontal=&#8221;-41px&#8221; box_shadow_vertical=&#8221;45px&#8221; box_shadow_blur=&#8221;180px&#8221; box_shadow_color=&#8221;rgba(0,0,0,0.35)&#8221;][et_pb_text _builder_version=&#8221;4.0.9&#8243; text_font=&#8221;|300|||||||&#8221; text_text_color=&#8221;#ffffff&#8221; text_font_size=&#8221;27px&#8221; background_color=&#8221;#7192c7&#8243; custom_margin=&#8221;0px||||false|false&#8221; custom_padding=&#8221;32px||0px||false|false&#8221; text_text_shadow_style=&#8221;preset5&#8243; text_text_shadow_horizontal_length=&#8221;0.04em&#8221; text_text_shadow_vertical_length=&#8221;0.04em&#8221; text_text_shadow_color=&#8221;#000000&#8243;]<\/p>\n<p style=\"text-align: center;\">Pristupnica<\/p>\n<p>[\/et_pb_text][et_pb_text _builder_version=&#8221;4.0.2&#8243; text_font=&#8221;Roboto|300|||||||&#8221; text_text_color=&#8221;#ffffff&#8221; text_line_height=&#8221;1.8em&#8221; background_enable_color=&#8221;off&#8221; text_orientation=&#8221;justified&#8221; custom_margin=&#8221;-1px||17px||false|false&#8221; custom_padding=&#8221;13px||33px||false|false&#8221;]<\/p>\n<p style=\"text-align: center;\">OVDJE MO\u017dETE PREUZETI PRISTUPNICU ZA \u010cLANSTVO U DRU\u0160TVU\u00a0 HRVATSKO DRU\u0160TVA \u017dELJEZNI\u010cKIH IN\u017dENJERA<\/p>\n<p>[\/et_pb_text][et_pb_button button_url=&#8221;\/wp-content\/uploads\/2019\/11\/Pristupnica_hdzi123.docx&#8221; button_text=&#8221;Preuzmi pristupnicu&#8221; button_alignment=&#8221;center&#8221; button_text_tablet=&#8221;&#8221; button_text_phone=&#8221;&#8221; button_text_last_edited=&#8221;on|desktop&#8221; _builder_version=&#8221;4.0.9&#8243; custom_button=&#8221;on&#8221; button_text_size=&#8221;12px&#8221; button_text_color=&#8221;#41547d&#8221; button_bg_color=&#8221;#ffffff&#8221; button_border_width=&#8221;0px&#8221; button_border_color=&#8221;rgba(0,0,0,0)&#8221; button_border_radius=&#8221;0px&#8221; button_letter_spacing=&#8221;2px&#8221; button_font=&#8221;Muli|800||on|||||&#8221; transform_translate=&#8221;1px|0px&#8221; background_layout=&#8221;dark&#8221; custom_margin=&#8221;0px||41px||false|false&#8221; custom_padding=&#8221;10px|30px|12px|30px|false|false&#8221; box_shadow_horizontal_button_tablet=&#8221;0px&#8221; box_shadow_vertical_button_tablet=&#8221;0px&#8221; box_shadow_blur_button_tablet=&#8221;40px&#8221; box_shadow_spread_button_tablet=&#8221;0px&#8221; button_bg_color__hover_enabled=&#8221;on|hover&#8221;][\/et_pb_button][\/et_pb_column][et_pb_column type=&#8221;1_3&#8243; _builder_version=&#8221;4.0.9&#8243; background_color=&#8221;#7192c7&#8243; box_shadow_style=&#8221;preset1&#8243; box_shadow_horizontal=&#8221;-41px&#8221; box_shadow_vertical=&#8221;45px&#8221; box_shadow_blur=&#8221;180px&#8221; box_shadow_color=&#8221;rgba(0,0,0,0.35)&#8221;][et_pb_text _builder_version=&#8221;4.0.9&#8243; text_font=&#8221;|300|||||||&#8221; text_text_color=&#8221;#ffffff&#8221; text_font_size=&#8221;27px&#8221; header_font=&#8221;|300|||||||&#8221; background_color=&#8221;rgba(0,0,0,0)&#8221; custom_margin=&#8221;0px||16px||false|false&#8221; custom_padding=&#8221;37px||17px||false|false&#8221; text_text_shadow_style=&#8221;preset5&#8243; text_text_shadow_horizontal_length=&#8221;0.04em&#8221; text_text_shadow_vertical_length=&#8221;0.04em&#8221; text_text_shadow_color=&#8221;#000000&#8243;]<\/p>\n<p style=\"text-align: center;\">EURAIL-ING<\/p>\n<p>[\/et_pb_text][et_pb_text _builder_version=&#8221;4.0.9&#8243; text_font=&#8221;Roboto|300|||||||&#8221; text_text_color=&#8221;#ffffff&#8221; text_font_size=&#8221;19px&#8221; header_font=&#8221;|600|||||||&#8221; background_enable_color=&#8221;off&#8221; custom_padding=&#8221;5px|12px|30px|8px|false|false&#8221;]<\/p>\n<p style=\"text-align: center;\">Licenca &#8221;\u00a0Europski \u017eeljezni\u010dki in\u017eenjer&#8221; &#8211; (EURAIL-ING)<\/p>\n<p>[\/et_pb_text][et_pb_text _builder_version=&#8221;4.0.9&#8243; text_font=&#8221;Roboto|300|||||||&#8221; text_text_color=&#8221;#ffffff&#8221; text_font_size=&#8221;19px&#8221; header_font=&#8221;|600|||||||&#8221; background_enable_color=&#8221;off&#8221; custom_padding=&#8221;5px|12px|30px|8px|false|false&#8221;]<\/p>\n<p style=\"text-align: center;\"><img loading=\"lazy\" decoding=\"async\" class=\"wp-image-251 alignnone size-medium\" src=\"https:\/\/hdzi.hr\/wpnew\/wp-content\/uploads\/2019\/09\/logo.gif-300x117.png\" alt=\"\" width=\"149\" height=\"58\" srcset=\"https:\/\/hdzi.hr\/wpnew\/wp-content\/uploads\/2019\/09\/logo.gif-300x117.png 300w, https:\/\/hdzi.hr\/wpnew\/wp-content\/uploads\/2019\/09\/logo.gif.png 383w\" sizes=\"auto, (max-width: 149px) 100vw, 149px\" \/><\/p>\n<p>[\/et_pb_text][\/et_pb_column][\/et_pb_row][\/et_pb_section][et_pb_section fb_built=&#8221;1&#8243; _builder_version=&#8221;4.0.9&#8243; background_color=&#8221;#7192c7&#8243; custom_padding=&#8221;7px||8px||false|false&#8221;][et_pb_row column_structure=&#8221;1_2,1_2&#8243; use_custom_gutter=&#8221;on&#8221; gutter_width=&#8221;1&#8243; _builder_version=&#8221;4.0.9&#8243;][et_pb_column type=&#8221;1_2&#8243; _builder_version=&#8221;4.0.9&#8243; custom_padding=&#8221;0px||0px||false|false&#8221;][et_pb_button button_text=&#8221;Kontaktirajte nas&#8221; _builder_version=&#8221;4.0.9&#8243; custom_button=&#8221;on&#8221; button_text_size=&#8221;27px&#8221; button_text_color=&#8221;#ffffff&#8221; button_border_width=&#8221;0px&#8221; button_border_color=&#8221;#ffffff&#8221; button_border_radius=&#8221;27px&#8221; button_font=&#8221;|300|||||||&#8221; custom_margin=&#8221;0px||20px||false|false&#8221; custom_padding=&#8221;0px|||6px|false|false&#8221; button_text_shadow_style=&#8221;preset5&#8243; button_text_shadow_horizontal_length=&#8221;0.06em&#8221; button_text_shadow_vertical_length=&#8221;0.04em&#8221; button_text_shadow_color=&#8221;rgba(0,0,0,0.85)&#8221; button_text_shadow_horizontal_length_tablet=&#8221;0px&#8221; button_text_shadow_vertical_length_tablet=&#8221;0px&#8221; button_text_shadow_blur_strength_tablet=&#8221;1px&#8221; box_shadow_horizontal_button_tablet=&#8221;0px&#8221; box_shadow_vertical_button_tablet=&#8221;0px&#8221; box_shadow_blur_button_tablet=&#8221;40px&#8221; box_shadow_spread_button_tablet=&#8221;0px&#8221; button_bg_color__hover_enabled=&#8221;off|desktop&#8221;][\/et_pb_button][et_pb_blurb title=&#8221;Gdje smo&#8221; use_icon=&#8221;on&#8221; font_icon=&#8221;%%249%%&#8221; icon_color=&#8221;#ffffff&#8221; use_circle=&#8221;on&#8221; circle_color=&#8221;#41547d&#8221; icon_placement=&#8221;left&#8221; content_max_width=&#8221;1100px&#8221; _builder_version=&#8221;4.0.9&#8243; header_font=&#8221;Muli|700|||||||&#8221; header_font_size=&#8221;14px&#8221; body_text_color=&#8221;#ffffff&#8221; body_font_size=&#8221;12px&#8221; body_line_height=&#8221;2em&#8221; custom_margin=&#8221;||22px||false|false&#8221; custom_padding=&#8221;2px||||false|false&#8221;]Petrinjska 89, 10000 Zagreb<br \/>\n[\/et_pb_blurb][et_pb_blurb title=&#8221;Nazovite nas&#8221; use_icon=&#8221;on&#8221; font_icon=&#8221;%%264%%&#8221; icon_color=&#8221;#ffffff&#8221; use_circle=&#8221;on&#8221; circle_color=&#8221;#41547d&#8221; icon_placement=&#8221;left&#8221; content_max_width=&#8221;1100px&#8221; _builder_version=&#8221;4.0.9&#8243; header_font=&#8221;Muli|700|||||||&#8221; header_font_size=&#8221;14px&#8221; body_text_color=&#8221;#ffffff&#8221; body_font_size=&#8221;12px&#8221; body_line_height=&#8221;2em&#8221; custom_margin=&#8221;||23px||false|false&#8221; custom_padding=&#8221;||0px||false|false&#8221;]Tel.\/fax: +385 1 378-2858<br \/>\n[\/et_pb_blurb][et_pb_blurb title=&#8221;E-adresa&#8221; use_icon=&#8221;on&#8221; font_icon=&#8221;%%238%%&#8221; icon_color=&#8221;#ffffff&#8221; use_circle=&#8221;on&#8221; circle_color=&#8221;#41547d&#8221; icon_placement=&#8221;left&#8221; content_max_width=&#8221;1100px&#8221; _builder_version=&#8221;4.0.9&#8243; header_font=&#8221;Muli|700|||||||&#8221; header_font_size=&#8221;14px&#8221; body_font=&#8221;||||||||&#8221; body_text_color=&#8221;#ffffff&#8221; body_font_size=&#8221;12px&#8221; body_line_height=&#8221;2em&#8221; custom_margin=&#8221;1px||||false|false&#8221; custom_padding=&#8221;0px||||false|false&#8221;]<span id=\"cloak15308\" style=\"color: #ffffff;\"><a style=\"color: #ffffff;\" href=\"mailto:hdzi@hdzi.hr\" rel=\"alternate\">hdzi@hdzi.hr<\/a><\/span><br \/>\n[\/et_pb_blurb][\/et_pb_column][et_pb_column type=&#8221;1_2&#8243; _builder_version=&#8221;4.0.9&#8243; background_color=&#8221;#ededed&#8221; custom_padding=&#8221;|||0px|false|false&#8221;][et_pb_contact_form submit_button_text=&#8221;po\u0161alji&#8221; _builder_version=&#8221;4.0.9&#8243; form_field_background_color=&#8221;#ffffff&#8221; captcha_text_color=&#8221;#ffffff&#8221; captcha_letter_spacing=&#8221;1px&#8221; custom_button=&#8221;on&#8221; button_text_size=&#8221;12px&#8221; button_text_color=&#8221;#41547d&#8221; button_bg_color=&#8221;#ffffff&#8221; button_border_width=&#8221;0px&#8221; button_border_color=&#8221;rgba(0,0,0,0)&#8221; button_border_radius=&#8221;0px&#8221; button_letter_spacing=&#8221;2px&#8221; button_font=&#8221;Muli|800||on|||||&#8221; custom_margin=&#8221;15px||7px||false|false&#8221; box_shadow_style_button=&#8221;preset1&#8243; box_shadow_horizontal_button=&#8221;-41px&#8221; box_shadow_vertical_button=&#8221;45px&#8221; box_shadow_blur_button=&#8221;180px&#8221; box_shadow_color_button=&#8221;rgba(0,0,0,0.35)&#8221; button_bg_color__hover_enabled=&#8221;on|hover&#8221;][et_pb_contact_field field_id=&#8221;Name&#8221; field_title=&#8221;Name&#8221; _builder_version=&#8221;3.16&#8243; button_text_size__hover_enabled=&#8221;off&#8221; button_one_text_size__hover_enabled=&#8221;off&#8221; button_two_text_size__hover_enabled=&#8221;off&#8221; button_text_color__hover_enabled=&#8221;off&#8221; button_one_text_color__hover_enabled=&#8221;off&#8221; button_two_text_color__hover_enabled=&#8221;off&#8221; button_border_width__hover_enabled=&#8221;off&#8221; button_one_border_width__hover_enabled=&#8221;off&#8221; button_two_border_width__hover_enabled=&#8221;off&#8221; button_border_color__hover_enabled=&#8221;off&#8221; button_one_border_color__hover_enabled=&#8221;off&#8221; button_two_border_color__hover_enabled=&#8221;off&#8221; button_border_radius__hover_enabled=&#8221;off&#8221; button_one_border_radius__hover_enabled=&#8221;off&#8221; button_two_border_radius__hover_enabled=&#8221;off&#8221; button_letter_spacing__hover_enabled=&#8221;off&#8221; button_one_letter_spacing__hover_enabled=&#8221;off&#8221; button_two_letter_spacing__hover_enabled=&#8221;off&#8221; button_bg_color__hover_enabled=&#8221;off&#8221; button_one_bg_color__hover_enabled=&#8221;off&#8221; button_two_bg_color__hover_enabled=&#8221;off&#8221;][\/et_pb_contact_field][et_pb_contact_field field_id=&#8221;Email&#8221; field_title=&#8221;Email Address&#8221; field_type=&#8221;email&#8221; _builder_version=&#8221;3.16&#8243; button_text_size__hover_enabled=&#8221;off&#8221; button_one_text_size__hover_enabled=&#8221;off&#8221; button_two_text_size__hover_enabled=&#8221;off&#8221; button_text_color__hover_enabled=&#8221;off&#8221; button_one_text_color__hover_enabled=&#8221;off&#8221; button_two_text_color__hover_enabled=&#8221;off&#8221; button_border_width__hover_enabled=&#8221;off&#8221; button_one_border_width__hover_enabled=&#8221;off&#8221; button_two_border_width__hover_enabled=&#8221;off&#8221; button_border_color__hover_enabled=&#8221;off&#8221; button_one_border_color__hover_enabled=&#8221;off&#8221; button_two_border_color__hover_enabled=&#8221;off&#8221; button_border_radius__hover_enabled=&#8221;off&#8221; button_one_border_radius__hover_enabled=&#8221;off&#8221; button_two_border_radius__hover_enabled=&#8221;off&#8221; button_letter_spacing__hover_enabled=&#8221;off&#8221; button_one_letter_spacing__hover_enabled=&#8221;off&#8221; button_two_letter_spacing__hover_enabled=&#8221;off&#8221; button_bg_color__hover_enabled=&#8221;off&#8221; button_one_bg_color__hover_enabled=&#8221;off&#8221; button_two_bg_color__hover_enabled=&#8221;off&#8221;][\/et_pb_contact_field][et_pb_contact_field field_id=&#8221;Message&#8221; field_title=&#8221;Message&#8221; field_type=&#8221;text&#8221; fullwidth_field=&#8221;on&#8221; _builder_version=&#8221;3.16&#8243; button_text_size__hover_enabled=&#8221;off&#8221; button_one_text_size__hover_enabled=&#8221;off&#8221; button_two_text_size__hover_enabled=&#8221;off&#8221; button_text_color__hover_enabled=&#8221;off&#8221; button_one_text_color__hover_enabled=&#8221;off&#8221; button_two_text_color__hover_enabled=&#8221;off&#8221; button_border_width__hover_enabled=&#8221;off&#8221; button_one_border_width__hover_enabled=&#8221;off&#8221; button_two_border_width__hover_enabled=&#8221;off&#8221; button_border_color__hover_enabled=&#8221;off&#8221; button_one_border_color__hover_enabled=&#8221;off&#8221; button_two_border_color__hover_enabled=&#8221;off&#8221; button_border_radius__hover_enabled=&#8221;off&#8221; button_one_border_radius__hover_enabled=&#8221;off&#8221; button_two_border_radius__hover_enabled=&#8221;off&#8221; button_letter_spacing__hover_enabled=&#8221;off&#8221; button_one_letter_spacing__hover_enabled=&#8221;off&#8221; button_two_letter_spacing__hover_enabled=&#8221;off&#8221; button_bg_color__hover_enabled=&#8221;off&#8221; button_one_bg_color__hover_enabled=&#8221;off&#8221; button_two_bg_color__hover_enabled=&#8221;off&#8221;][\/et_pb_contact_field][\/et_pb_contact_form][\/et_pb_column][\/et_pb_row][\/et_pb_section]<\/p>\n","protected":false},"excerpt":{"rendered":"<p>dr. sc. Kre\u0161imir Vidovi\u0107: Digitalizacija \u017eeljeznice prof.dr.sc. Branislav Bo\u0161kovi\u0107: Sistem in\u017eenjeri\u00a0 \u017eeleznice Marko Vajdi\u0107: Izazovi velikih \u017eeljezni\u010dkih projekata Roman Lavri\u010d: Uvo\u0111enje novih digitalnih rje\u0161enja na podru\u010dje \u017dI 1. dio Uvo\u0111enje novih digitalnih rje\u0161enja na podru\u010dje \u017dI 2. dio Uvo\u0111enje novih digitalnih rje\u0161enja na podru\u010dje \u017dI 3. dio izv.prof.dr. sc. Hrvoje Haramina: Inteligentni transportni sustavi u [&hellip;]<\/p>\n","protected":false},"author":2,"featured_media":0,"parent":0,"menu_order":0,"comment_status":"closed","ping_status":"closed","template":"","meta":{"_et_pb_use_builder":"on","_et_pb_old_content":"","_et_gb_content_width":"","footnotes":""},"class_list":["post-3187","page","type-page","status-publish","hentry"],"_links":{"self":[{"href":"https:\/\/hdzi.hr\/wpnew\/index.php?rest_route=\/wp\/v2\/pages\/3187","targetHints":{"allow":["GET"]}}],"collection":[{"href":"https:\/\/hdzi.hr\/wpnew\/index.php?rest_route=\/wp\/v2\/pages"}],"about":[{"href":"https:\/\/hdzi.hr\/wpnew\/index.php?rest_route=\/wp\/v2\/types\/page"}],"author":[{"embeddable":true,"href":"https:\/\/hdzi.hr\/wpnew\/index.php?rest_route=\/wp\/v2\/users\/2"}],"replies":[{"embeddable":true,"href":"https:\/\/hdzi.hr\/wpnew\/index.php?rest_route=%2Fwp%2Fv2%2Fcomments&post=3187"}],"version-history":[{"count":12,"href":"https:\/\/hdzi.hr\/wpnew\/index.php?rest_route=\/wp\/v2\/pages\/3187\/revisions"}],"predecessor-version":[{"id":3578,"href":"https:\/\/hdzi.hr\/wpnew\/index.php?rest_route=\/wp\/v2\/pages\/3187\/revisions\/3578"}],"wp:attachment":[{"href":"https:\/\/hdzi.hr\/wpnew\/index.php?rest_route=%2Fwp%2Fv2%2Fmedia&parent=3187"}],"curies":[{"name":"wp","href":"https:\/\/api.w.org\/{rel}","templated":true}]}}