{"id":4656,"date":"2024-07-25T10:18:44","date_gmt":"2024-07-25T10:18:44","guid":{"rendered":"https:\/\/hdzi.hr\/wpnew\/?page_id=4656"},"modified":"2024-12-13T08:41:36","modified_gmt":"2024-12-13T08:41:36","slug":"povijest","status":"publish","type":"page","link":"https:\/\/hdzi.hr\/wpnew\/?page_id=4656","title":{"rendered":"Povijest"},"content":{"rendered":"<p>[et_pb_section fb_built=&#8221;1&#8243; admin_label=&#8221;Sponsors&#8221; _builder_version=&#8221;4.23.3&#8243; background_color=&#8221;#FFFFFF&#8221; use_background_color_gradient=&#8221;on&#8221; background_color_gradient_stops=&#8221;#41547d 0%|#ffffff 61%&#8221; min_height=&#8221;1721px&#8221; height=&#8221;1840px&#8221; custom_margin=&#8221;0px||||false|false&#8221; custom_padding=&#8221;0px|0px|0|0px|false|false&#8221; top_divider_style=&#8221;asymmetric4&#8243; top_divider_color=&#8221;RGBA(255,255,255,0)&#8221; top_divider_style_tablet=&#8221;mountains&#8221; top_divider_style_phone=&#8221;mountains&#8221; top_divider_style_last_edited=&#8221;on|desktop&#8221; hover_enabled=&#8221;0&#8243; global_colors_info=&#8221;{}&#8221; custom_margin_last_edited=&#8221;on|phone&#8221; sticky_enabled=&#8221;0&#8243; custom_margin_phone=&#8221;-50px||||false|false&#8221; custom_margin_tablet=&#8221;-50px||||false|false&#8221; min_height_last_edited=&#8221;on|phone&#8221; height_last_edited=&#8221;on|desktop&#8221; height_phone=&#8221;2721px&#8221; min_height_tablet=&#8221;1721px&#8221; min_height_phone=&#8221;1721px&#8221; height_tablet=&#8221;1840px&#8221;][et_pb_row _builder_version=&#8221;4.23.3&#8243; _module_preset=&#8221;default&#8221; custom_margin=&#8221;0px||0px||false|false&#8221; custom_padding=&#8221;40px||||false|false&#8221; global_colors_info=&#8221;{}&#8221;][et_pb_column type=&#8221;4_4&#8243; _builder_version=&#8221;4.23.3&#8243; _module_preset=&#8221;default&#8221; global_colors_info=&#8221;{}&#8221;][et_pb_testimonial quote_icon=&#8221;off&#8221; quote_icon_color=&#8221;#41547d&#8221; font_icon=&#8221;&#xf021;||fa||900&#8243; _builder_version=&#8221;4.23.3&#8243; _module_preset=&#8221;default&#8221; body_font=&#8221;||||||||&#8221; body_text_color=&#8221;#ffffff&#8221; background_color=&#8221;#41547d&#8221; global_colors_info=&#8221;{}&#8221;]<\/p>\n<h2 style=\"text-align: center;\"><span style=\"color: #ffffff;\">Povijest HD\u017dI<\/span><\/h2>\n<p>&nbsp;<\/p>\n<p>Hrvatsko dru\u0161tvo \u017eeljezni\u010dkih in\u017eenjera, osnovano je pod imenom Klub in\u017eenjera i tehni\u010dara Hrvatskih \u017eeljeznica \u2013 ITH\u017d, 12. lipnja 1992. godine i od 1. srpnja iste godine primljeno u Europsku asocijaciju dru\u0161tava \u017eeljezni\u010dkih in\u017eenjera, UEEIV. Obzirom na vrijeme i doga\u0111anja, bio je to velik uspjeh za hrvatske \u017eeljezni\u010dke stru\u010dnjake, za Hrvatske \u017eeljeznice, ali tako\u0111er i za mladu hrvatsku dr\u017eavu.<\/p>\n<p>Inicijativa osnivanja potekla je od grupe sindikalnih aktivista koji su upravo u to vrijeme osnovali Sindikat in\u017eenjera i tehni\u010dara H\u017d-a, a onda zaklju\u010dili kako bi bilo korisno osnovati klub koji bi slu\u017eio kao platforma za stru\u010dno djelovanje. Ovu inicijativu svakako treba promatrati u kontekstu vremena, jer je u to doba trebalo raspravljati o obnovi \u017eeljezni\u010dke infrastrukture i voznog parka, organizaciji prometa u ratnim uvjetima, povezivanju sa Europom i izgradnji novoga \u017eeljezni\u010dkog sustava u cijelosti.<\/p>\n<p>Klub je od samog osnutka imao ambiciozne ciljeve te ve\u0107 u prolje\u0107e 1993. godine u suradnji s Fakultetom prometnih znanosti u Zagrebu organizira i prvo me\u0111unarodno znanstveno-stru\u010dno savjetovanje prometnih in\u017eenjera Hrvatske \u201cSPIH 93\u201d na kojemu je sudjelovao i dopredsjednik UEEIV-a g. Walter Raming.<\/p>\n<p>Pokrenuti entuzijazmom i \u017eeljom da struka u \u017eeljezni\u010dkom sektoru zauzme zaslu\u017eeno mjesto, \u010dlanovi Kluba pokrenuli su i prvi stru\u010dni \u010dasopis pod imenom \u201eITH\u017d\u201c, a koji izlazi i danas, pod nazivom \u201c\u017deljeznice 21\u201d.<\/p>\n<p>Pro\u0161irenje suradnje sa srodnim udrugama diljem Europe te intenziviranje stru\u010dnih aktivnosti zapo\u010dinje po\u010detkom novog milenija, kada Klub ITH\u017d u suradnji s UEEIV-om, 2000. godine organizira prvo me\u0111unarodno savjetovanja o razvoju Hrvatskih \u017eeljeznica.<\/p>\n<p>Anga\u017eiranjem tada\u0161njih \u010delnih ljudi Kluba i H\u017d-a, 2001. godine rje\u0161eno je i rezidencijalno pitanje Kluba, dodjelom i ure\u0111enjem prostora u Petrinjskoj 89, gdje je i danas sjedi\u0161te HD\u017dI-a, a iste godine Klub prerasta u Dru\u0161tvo ITH\u017d.<\/p>\n<p>Time zapo\u010dinje razdoblje kada Dru\u0161tvo intenzivno broj\u010dano raste jer se na cijelom podru\u010dju \u017eeljezni\u010dke mre\u017ee H\u017d-a osnivaju povjereni\u0161tva, a sve ve\u0107i broj \u010dlanova se aktivno uklju\u010duje u rad. U Dru\u0161tvu se uspostavlja uska zajedni\u010dke suradnja mla\u0111ih i starijih \u010dlanova, \u0161to je rezultiralo veoma uspje\u0161nim djelovanjem i stvaranju uvjeta za postavljanje jo\u0161 ambicioznijih ciljeva Dru\u0161tva. Na Saboru 2008. g. donesena je odluka o promjeni naziva Dru\u0161tva, te od 01. sije\u010dnja 2009. do danas djeluje pod nazivom Hrvatsko dru\u0161tvo \u017eeljezni\u010dkih in\u017eenjera.<\/p>\n<p>Hrvatsko dru\u0161tvo \u017eeljezni\u010dkih in\u017eenjera danas broji oko 400 \u010dlanova organiziranih u dvadeset i osam povjereni\u0161tava.<\/p>\n<p>[\/et_pb_testimonial][et_pb_testimonial quote_icon=&#8221;off&#8221; quote_icon_color=&#8221;#41547d&#8221; _builder_version=&#8221;4.23.3&#8243; _module_preset=&#8221;default&#8221; body_font=&#8221;||||||||&#8221; body_text_color=&#8221;#ffffff&#8221; background_color=&#8221;#41547d&#8221; global_colors_info=&#8221;{}&#8221;]<\/p>\n<p><strong>Najzan\u010dajniji projekti i aktivnosti Dru\u0161tva tijekom dvadeset godi\u0161njeg postojanja su:<\/strong><\/p>\n<p>[\/et_pb_testimonial][\/et_pb_column][\/et_pb_row][et_pb_row column_structure=&#8221;1_2,1_2&#8243; use_custom_gutter=&#8221;on&#8221; gutter_width=&#8221;1&#8243; _builder_version=&#8221;4.23.3&#8243; _module_preset=&#8221;default&#8221; width=&#8221;100%&#8221; height=&#8221;1000px&#8221; max_height=&#8221;1000px&#8221; custom_margin=&#8221;-14px||||false|false&#8221; custom_padding=&#8221;0px||||false|false&#8221; global_colors_info=&#8221;{}&#8221;][et_pb_column type=&#8221;1_2&#8243; _builder_version=&#8221;4.23.3&#8243; _module_preset=&#8221;default&#8221; global_colors_info=&#8221;{}&#8221;][et_pb_testimonial quote_icon=&#8221;off&#8221; quote_icon_color=&#8221;#41547d&#8221; _builder_version=&#8221;4.23.3&#8243; _module_preset=&#8221;default&#8221; body_font=&#8221;||||||||&#8221; body_text_color=&#8221;#ffffff&#8221; background_color=&#8221;#41547d&#8221; width=&#8221;98%&#8221; global_colors_info=&#8221;{}&#8221;]<\/p>\n<p>Konferencije, stru\u010dni skupovi i okrugli stolovi:<\/p>\n<p>&nbsp;<\/p>\n<ul>\n<li>Split, 2005.- \u201cSplitski kolodvor u prijedlogu GUP-a\u201d<\/li>\n<li>Split, 2006.- \u201cPrometno-prostorno rje\u0161enje splitskog \u017eeljezni\u010dkog \u010dvori\u0161ta \u2013 rasprava na studiju Instituta prometa i veza\u201c<\/li>\n<li>Vukovar, 2006.- \u201c\u017deljeznica \u2013 pokreta\u010d razvojnih aktivnosti u \u017eupanijama Isto\u010dne Hrvatske\u201c<\/li>\n<li>Vinkovci, 2006.- \u201cRazvoj \u017eeljezni\u010dke infrastrukture i zna\u010denje pruge Vinkovci \u2013 Osijek\u201c<\/li>\n<li>Plo\u010de, 2009.- \u201cPerspektive \u017eeljezni\u010dkog prometa na pruzi Plo\u010de \u2013 Metkovi\u0107\u201c, u kontekstu razvitka Luke Plo\u010de i ulaganja na V.c koridoru\u201c<\/li>\n<li>Zagreb, 2010.- \u201c\u017deljeznica \u2013 najpovoljniji oblik prijevoza\u201c<\/li>\n<li>Split, 2011.- \u201c\u017deljezni\u010dki cestovni prijelazi u dalmatinskoj regiji\u201c<\/li>\n<li>Rijeka, 2013.-\u201d Infrastrukturni projekti na pruzi Zagreb-Rijeka\u201d<\/li>\n<li>Karlovac, 2013.- \u201d Razvitak \u017eeljeznice na podru\u010dju Karlova\u010dke \u017eupanije i budu\u0107e \u017eeljezni\u010dko \u010dvori\u0161te Karlovac\u201d<\/li>\n<li>Zabok, 2013.- \u201d Razvojni projekti \u017eeljezni\u010dke infrastrukture na podru\u010dju Krapinsko-zagorske \u017eupanije\u201d<\/li>\n<li>Split, 2018. \u2013 Okrugli stol \u201eRazvoj \u017eeljezni\u010dke infrastrukture u Splitsko-dalmatinskoj \u017eupaniji \u2013 vlakom od zra\u010dne luke do Splita\u201c<\/li>\n<li><span>Rijeka, 2018. \u2013 Stru\u010dni skup \u201eModernizacija \u017eeljezni\u010dkog \u010dvori\u0161ta Rijeka<\/span><\/li>\n<li>Split, 2019. \u2013 Konferencija\u00a0o suvremenim tehnologijama za \u017eeljeznicu<\/li>\n<li>Zagreb, 2019. \u2013 Stru\u010dna konferencija \u201c\u017deljezni\u010dki projekti u Hrvatskoj\u201d<\/li>\n<\/ul>\n<p>[\/et_pb_testimonial][\/et_pb_column][et_pb_column type=&#8221;1_2&#8243; _builder_version=&#8221;4.23.3&#8243; _module_preset=&#8221;default&#8221; global_colors_info=&#8221;{}&#8221;][et_pb_testimonial quote_icon=&#8221;off&#8221; quote_icon_color=&#8221;#41547d&#8221; _builder_version=&#8221;4.23.3&#8243; _module_preset=&#8221;default&#8221; body_font=&#8221;||||||||&#8221; body_text_color=&#8221;#ffffff&#8221; background_color=&#8221;#41547d&#8221; global_colors_info=&#8221;{}&#8221;]<\/p>\n<p>Me\u0111unarodna savjetovanja:<\/p>\n<p>&nbsp;<\/p>\n<ol>\n<li>Opatija, 2000. \u2013 \u201cModernizacija Hrvatskih \u017eeljeznica i njihovo funkcionalno uklju\u010divanje u europski prometni sustav\u201d<\/li>\n<li>Opatija, 2003. \u2013 \u201cInvestiranje u razvoj i modernizaciju Hrvatskih \u017eeljeznica\u201d<\/li>\n<li>Opatija, 2006. \u2013 \u201cNovi sustav za novu kvalitetu\u201d<\/li>\n<li>\u0160ibenik, 2008. \u2013 \u201cHrvatski projekti za u\u010dinkovit \u017eeljezni\u010dki sustav\u201d<\/li>\n<li>Opatija, 2012. \u2013 \u201cRazvoj \u017eeljezni\u010dkog prometnog tr\u017ei\u0161ta u Hrvatskoj i regiji\u201d<\/li>\n<li>Zagreb\/Slavonski Brod, 2014. \u2013 \u201cUlaganja u \u017eeljeznicu kao podr\u0161ka razvitku gospodarstva\u201d<\/li>\n<li>\u00a0Zagreb, 2016. \u2013 \u201d Primjena suvremenih tehnologija i inovacije na \u017eeljeznici\u201d<\/li>\n<\/ol>\n<p>[\/et_pb_testimonial][\/et_pb_column][\/et_pb_row][\/et_pb_section][et_pb_section fb_built=&#8221;1&#8243; disabled_on=&#8221;on|on|off&#8221; admin_label=&#8221;Footer&#8221; _builder_version=&#8221;4.23.3&#8243; background_color=&#8221;#2b2b2b&#8221; width_tablet=&#8221;57%&#8221; width_phone=&#8221;68%&#8221; width_last_edited=&#8221;on|tablet&#8221; height=&#8221;393px&#8221; height_tablet=&#8221;1000px&#8221; height_phone=&#8221;1000px&#8221; height_last_edited=&#8221;on|phone&#8221; max_height=&#8221;332px&#8221; custom_padding=&#8221;80px|0px|0px|0px|false|false&#8221; module_alignment_tablet=&#8221;center&#8221; module_alignment_phone=&#8221;center&#8221; module_alignment_last_edited=&#8221;on|phone&#8221; border_color_all=&#8221;#18252c&#8221; border_color_top=&#8221;rgba(65,84,125,0.85)&#8221; locked=&#8221;off&#8221; global_colors_info=&#8221;{}&#8221;][et_pb_row column_structure=&#8221;1_2,1_2&#8243; module_id=&#8221;Kontaktirajte nas&#8221; _builder_version=&#8221;4.23.3&#8243; width=&#8221;100%&#8221; max_width=&#8221;2560px&#8221; module_alignment=&#8221;left&#8221; height=&#8221;407px&#8221; custom_margin=&#8221;-57px||||false|false&#8221; global_colors_info=&#8221;{}&#8221;][et_pb_column type=&#8221;1_2&#8243; _builder_version=&#8221;4.23.3&#8243; custom_padding=&#8221;0px|0px|0px|280px|false|false&#8221; global_colors_info=&#8221;{}&#8221; custom_padding__hover=&#8221;|||&#8221;][et_pb_text module_id=&#8221;kontakt&#8221; _builder_version=&#8221;4.23.3&#8243; _module_preset=&#8221;default&#8221; text_text_color=&#8221;#FFFFFF&#8221; text_font_size=&#8221;15px&#8221; header_text_color=&#8221;#FFFFFF&#8221; header_font_size=&#8221;36px&#8221; header_2_text_color=&#8221;#FFFFFF&#8221; module_alignment=&#8221;left&#8221; global_colors_info=&#8221;{}&#8221;]<\/p>\n<h1 style=\"text-align: justify;\">Kontaktirajte nas<\/h1>\n<p>[\/et_pb_text][et_pb_blurb title=&#8221;Gdje smo&#8221; use_icon=&#8221;on&#8221; font_icon=&#8221;&#xe081;||divi||400&#8243; icon_color=&#8221;#7192c7&#8243; icon_placement=&#8221;left&#8221; image_icon_width=&#8221;22px&#8221; content_max_width=&#8221;1100px&#8221; _builder_version=&#8221;4.23.3&#8243; header_font=&#8221;Libre Franklin|600|||||||&#8221; header_line_height=&#8221;1.4em&#8221; body_font=&#8221;||||||||&#8221; body_line_height=&#8221;1.8em&#8221; background_layout=&#8221;dark&#8221; custom_margin=&#8221;-10px||||false|false&#8221; animation=&#8221;off&#8221; icon_font_size=&#8221;22px&#8221; locked=&#8221;off&#8221; global_colors_info=&#8221;{}&#8221;]<\/p>\n<p>Petrinjska 89, 10000 Zagreb<\/p>\n<p>[\/et_pb_blurb][et_pb_blurb title=&#8221;E-adresa&#8221; use_icon=&#8221;on&#8221; font_icon=&#8221;&#xe010;||divi||400&#8243; icon_color=&#8221;#7192c7&#8243; icon_placement=&#8221;left&#8221; image_icon_width=&#8221;22px&#8221; content_max_width=&#8221;1100px&#8221; _builder_version=&#8221;4.23.3&#8243; header_font=&#8221;Libre Franklin|600|||||||&#8221; header_line_height=&#8221;1.4em&#8221; body_font=&#8221;||||||||&#8221; body_line_height=&#8221;1.8em&#8221; background_layout=&#8221;dark&#8221; custom_margin=&#8221;0px||||false|false&#8221; animation=&#8221;off&#8221; icon_font_size=&#8221;22px&#8221; locked=&#8221;off&#8221; global_colors_info=&#8221;{}&#8221;]<\/p>\n<p>hdzi@hdzi.hr<\/p>\n<p>[\/et_pb_blurb][\/et_pb_column][et_pb_column type=&#8221;1_2&#8243; _builder_version=&#8221;4.23.3&#8243; custom_padding=&#8221;|0px||0px|false|false&#8221; global_colors_info=&#8221;{}&#8221; custom_padding__hover=&#8221;|||&#8221;][et_pb_contact_form captcha=&#8221;off&#8221; email=&#8221;hdzi@hdzi.hr&#8221; submit_button_text=&#8221;po\u0161alji&#8221; _builder_version=&#8221;4.23.3&#8243; _unique_id=&#8221;b516e266-f6e8-477c-b1b3-55205afe05c3&#8243; form_field_background_color=&#8221;#ffffff&#8221; form_field_text_color=&#8221;#41547d&#8221; title_font_size=&#8221;30px&#8221; captcha_font=&#8221;||||||||&#8221; captcha_text_color=&#8221;#ffffff&#8221; captcha_font_size=&#8221;13px&#8221; captcha_letter_spacing=&#8221;1px&#8221; form_field_font=&#8221;||||||||&#8221; form_field_font_size=&#8221;16px&#8221; custom_button=&#8221;on&#8221; button_text_size=&#8221;14px&#8221; button_text_color=&#8221;#41547d&#8221; button_bg_color=&#8221;#FFFFFF&#8221; button_border_width=&#8221;2px&#8221; button_border_color=&#8221;#41547d&#8221; button_border_radius=&#8221;-2px&#8221; button_letter_spacing=&#8221;2px&#8221; button_font=&#8221;|||on|||||&#8221; button_icon=&#8221;&#x24;||divi||400&#8243; button_icon_color=&#8221;#ffffff&#8221; text_orientation=&#8221;left&#8221; width=&#8221;49%&#8221; max_width=&#8221;150%&#8221; module_alignment=&#8221;left&#8221; min_height=&#8221;100px&#8221; height=&#8221;100px&#8221; max_height=&#8221;676px&#8221; locked=&#8221;off&#8221; global_colors_info=&#8221;{}&#8221; button_bg_color__hover_enabled=&#8221;on|desktop&#8221; button_bg_color__hover=&#8221;#ffffff&#8221;][et_pb_contact_field field_id=&#8221;Name&#8221; field_title=&#8221;Ime i prezime&#8221; _builder_version=&#8221;4.23.3&#8243; form_field_font=&#8221;||||||||&#8221; border_radii=&#8221;on|0px|0px|0px|0px&#8221; global_colors_info=&#8221;{}&#8221; button_text_size__hover_enabled=&#8221;off&#8221; button_one_text_size__hover_enabled=&#8221;off&#8221; button_two_text_size__hover_enabled=&#8221;off&#8221; button_text_color__hover_enabled=&#8221;off&#8221; button_one_text_color__hover_enabled=&#8221;off&#8221; button_two_text_color__hover_enabled=&#8221;off&#8221; button_border_width__hover_enabled=&#8221;off&#8221; button_one_border_width__hover_enabled=&#8221;off&#8221; button_two_border_width__hover_enabled=&#8221;off&#8221; button_border_color__hover_enabled=&#8221;off&#8221; button_one_border_color__hover_enabled=&#8221;off&#8221; button_two_border_color__hover_enabled=&#8221;off&#8221; button_border_radius__hover_enabled=&#8221;off&#8221; button_one_border_radius__hover_enabled=&#8221;off&#8221; button_two_border_radius__hover_enabled=&#8221;off&#8221; button_letter_spacing__hover_enabled=&#8221;off&#8221; button_one_letter_spacing__hover_enabled=&#8221;off&#8221; button_two_letter_spacing__hover_enabled=&#8221;off&#8221; button_bg_color__hover_enabled=&#8221;off&#8221; button_one_bg_color__hover_enabled=&#8221;off&#8221; button_two_bg_color__hover_enabled=&#8221;off&#8221;][\/et_pb_contact_field][et_pb_contact_field field_id=&#8221;Email&#8221; field_title=&#8221;Email adresa&#8221; field_type=&#8221;email&#8221; _builder_version=&#8221;4.23.3&#8243; border_radii=&#8221;on|0px|0px|0px|0px&#8221; global_colors_info=&#8221;{}&#8221; button_text_size__hover_enabled=&#8221;off&#8221; button_one_text_size__hover_enabled=&#8221;off&#8221; button_two_text_size__hover_enabled=&#8221;off&#8221; button_text_color__hover_enabled=&#8221;off&#8221; button_one_text_color__hover_enabled=&#8221;off&#8221; button_two_text_color__hover_enabled=&#8221;off&#8221; button_border_width__hover_enabled=&#8221;off&#8221; button_one_border_width__hover_enabled=&#8221;off&#8221; button_two_border_width__hover_enabled=&#8221;off&#8221; button_border_color__hover_enabled=&#8221;off&#8221; button_one_border_color__hover_enabled=&#8221;off&#8221; button_two_border_color__hover_enabled=&#8221;off&#8221; button_border_radius__hover_enabled=&#8221;off&#8221; button_one_border_radius__hover_enabled=&#8221;off&#8221; button_two_border_radius__hover_enabled=&#8221;off&#8221; button_letter_spacing__hover_enabled=&#8221;off&#8221; button_one_letter_spacing__hover_enabled=&#8221;off&#8221; button_two_letter_spacing__hover_enabled=&#8221;off&#8221; button_bg_color__hover_enabled=&#8221;off&#8221; button_one_bg_color__hover_enabled=&#8221;off&#8221; button_two_bg_color__hover_enabled=&#8221;off&#8221;][\/et_pb_contact_field][et_pb_contact_field field_id=&#8221;Message&#8221; field_title=&#8221;Poruka&#8221; field_type=&#8221;text&#8221; fullwidth_field=&#8221;on&#8221; _builder_version=&#8221;4.16&#8243; global_colors_info=&#8221;{}&#8221; button_text_size__hover_enabled=&#8221;off&#8221; button_one_text_size__hover_enabled=&#8221;off&#8221; button_two_text_size__hover_enabled=&#8221;off&#8221; button_text_color__hover_enabled=&#8221;off&#8221; button_one_text_color__hover_enabled=&#8221;off&#8221; button_two_text_color__hover_enabled=&#8221;off&#8221; button_border_width__hover_enabled=&#8221;off&#8221; button_one_border_width__hover_enabled=&#8221;off&#8221; button_two_border_width__hover_enabled=&#8221;off&#8221; button_border_color__hover_enabled=&#8221;off&#8221; button_one_border_color__hover_enabled=&#8221;off&#8221; button_two_border_color__hover_enabled=&#8221;off&#8221; button_border_radius__hover_enabled=&#8221;off&#8221; button_one_border_radius__hover_enabled=&#8221;off&#8221; button_two_border_radius__hover_enabled=&#8221;off&#8221; button_letter_spacing__hover_enabled=&#8221;off&#8221; button_one_letter_spacing__hover_enabled=&#8221;off&#8221; button_two_letter_spacing__hover_enabled=&#8221;off&#8221; button_bg_color__hover_enabled=&#8221;off&#8221; button_one_bg_color__hover_enabled=&#8221;off&#8221; button_two_bg_color__hover_enabled=&#8221;off&#8221;][\/et_pb_contact_field][\/et_pb_contact_form][\/et_pb_column][\/et_pb_row][\/et_pb_section]<\/p>\n","protected":false},"excerpt":{"rendered":"<p>Povijest HD\u017dI &nbsp; Hrvatsko dru\u0161tvo \u017eeljezni\u010dkih in\u017eenjera, osnovano je pod imenom Klub in\u017eenjera i tehni\u010dara Hrvatskih \u017eeljeznica \u2013 ITH\u017d, 12. lipnja 1992. godine i od 1. srpnja iste godine primljeno u Europsku asocijaciju dru\u0161tava \u017eeljezni\u010dkih in\u017eenjera, UEEIV. Obzirom na vrijeme i doga\u0111anja, bio je to velik uspjeh za hrvatske \u017eeljezni\u010dke stru\u010dnjake, za Hrvatske \u017eeljeznice, ali [&hellip;]<\/p>\n","protected":false},"author":1,"featured_media":0,"parent":0,"menu_order":0,"comment_status":"closed","ping_status":"closed","template":"","meta":{"_et_pb_use_builder":"on","_et_pb_old_content":"","_et_gb_content_width":"","footnotes":""},"class_list":["post-4656","page","type-page","status-publish","hentry"],"_links":{"self":[{"href":"https:\/\/hdzi.hr\/wpnew\/index.php?rest_route=\/wp\/v2\/pages\/4656","targetHints":{"allow":["GET"]}}],"collection":[{"href":"https:\/\/hdzi.hr\/wpnew\/index.php?rest_route=\/wp\/v2\/pages"}],"about":[{"href":"https:\/\/hdzi.hr\/wpnew\/index.php?rest_route=\/wp\/v2\/types\/page"}],"author":[{"embeddable":true,"href":"https:\/\/hdzi.hr\/wpnew\/index.php?rest_route=\/wp\/v2\/users\/1"}],"replies":[{"embeddable":true,"href":"https:\/\/hdzi.hr\/wpnew\/index.php?rest_route=%2Fwp%2Fv2%2Fcomments&post=4656"}],"version-history":[{"count":27,"href":"https:\/\/hdzi.hr\/wpnew\/index.php?rest_route=\/wp\/v2\/pages\/4656\/revisions"}],"predecessor-version":[{"id":6368,"href":"https:\/\/hdzi.hr\/wpnew\/index.php?rest_route=\/wp\/v2\/pages\/4656\/revisions\/6368"}],"wp:attachment":[{"href":"https:\/\/hdzi.hr\/wpnew\/index.php?rest_route=%2Fwp%2Fv2%2Fmedia&parent=4656"}],"curies":[{"name":"wp","href":"https:\/\/api.w.org\/{rel}","templated":true}]}}