{"id":6138,"date":"2024-11-12T08:17:47","date_gmt":"2024-11-12T08:17:47","guid":{"rendered":"https:\/\/hdzi.hr\/wpnew\/?page_id=6138"},"modified":"2024-12-19T11:43:43","modified_gmt":"2024-12-19T11:43:43","slug":"konferencija-o-alternativnim-pogonima-zeljeznickih-vozila-2023_ne","status":"publish","type":"page","link":"https:\/\/hdzi.hr\/wpnew\/?page_id=6138","title":{"rendered":"Konferencija o alternativnim pogonima \u017eeljezni\u010dkih vozila 2023"},"content":{"rendered":"<p>[et_pb_section fb_built=&#8221;1&#8243; admin_label=&#8221;Sponsors&#8221; _builder_version=&#8221;4.23.3&#8243; background_color=&#8221;#FFFFFF&#8221; use_background_color_gradient=&#8221;on&#8221; background_color_gradient_stops=&#8221;#41547d 0%|#ffffff 85%&#8221; min_height=&#8221;1198px&#8221; height=&#8221;1371px&#8221; max_height=&#8221;1585px&#8221; custom_margin=&#8221;0px||0px||false|false&#8221; custom_padding=&#8221;0px|0px|0px|0px|false|false&#8221; top_divider_style=&#8221;asymmetric4&#8243; top_divider_color=&#8221;RGBA(255,255,255,0)&#8221; top_divider_style_tablet=&#8221;mountains&#8221; top_divider_style_phone=&#8221;mountains&#8221; top_divider_style_last_edited=&#8221;on|desktop&#8221; hover_enabled=&#8221;0&#8243; global_colors_info=&#8221;{}&#8221; sticky_enabled=&#8221;0&#8243;][et_pb_row column_structure=&#8221;1_2,1_2&#8243; _builder_version=&#8221;4.23.3&#8243; _module_preset=&#8221;default&#8221; background_enable_color=&#8221;off&#8221; width=&#8221;100%&#8221; max_width=&#8221;2560px&#8221; custom_margin=&#8221;0px||0px||true|false&#8221; border_width_all=&#8221;3px&#8221; border_style_all=&#8221;none&#8221; global_colors_info=&#8221;{}&#8221;][et_pb_column type=&#8221;1_2&#8243; _builder_version=&#8221;4.23.3&#8243; _module_preset=&#8221;default&#8221; global_colors_info=&#8221;{}&#8221;][et_pb_text _builder_version=&#8221;4.23.3&#8243; _module_preset=&#8221;default&#8221; text_text_color=&#8221;#000f07&#8243; header_font=&#8221;|||on|||||&#8221; header_text_align=&#8221;center&#8221; header_text_color=&#8221;#fcfcfc&#8221; header_font_size=&#8221;27px&#8221; text_orientation=&#8221;center&#8221; width=&#8221;55%&#8221; module_alignment=&#8221;right&#8221; custom_padding=&#8221;|||0px|false|false&#8221; header_text_shadow_style=&#8221;preset2&#8243; border_color_all=&#8221;#ffffff&#8221; border_style_bottom=&#8221;groove&#8221; global_colors_info=&#8221;{}&#8221;]<\/p>\n<h1><span>Konferencija o alternativnim pogonima \u017eeljezni\u010dkih vozila 2023<\/span><\/h1>\n<p>[\/et_pb_text][et_pb_image src=&#8221;https:\/\/hdzi.hr\/wpnew\/wp-content\/uploads\/2024\/10\/Program-konferencije-o-alternativnim-pogonima-.png&#8221; title_text=&#8221;Program konferencije o alternativnim pogonima&#8221; _builder_version=&#8221;4.23.3&#8243; width=&#8221;55%&#8221; module_alignment=&#8221;right&#8221; min_height=&#8221;598px&#8221; locked=&#8221;off&#8221; global_colors_info=&#8221;{}&#8221;][\/et_pb_image][\/et_pb_column][et_pb_column type=&#8221;1_2&#8243; _builder_version=&#8221;4.23.3&#8243; _module_preset=&#8221;default&#8221; global_colors_info=&#8221;{}&#8221;][et_pb_text _builder_version=&#8221;4.23.3&#8243; _module_preset=&#8221;default&#8221; text_text_color=&#8221;#000f07&#8243; header_font=&#8221;|||on|||||&#8221; header_text_align=&#8221;center&#8221; header_text_color=&#8221;#fcfcfc&#8221; header_font_size=&#8221;27px&#8221; text_orientation=&#8221;center&#8221; width=&#8221;46%&#8221; module_alignment=&#8221;left&#8221; custom_padding=&#8221;|||62px|false|false&#8221; header_text_shadow_style=&#8221;preset2&#8243; border_color_all=&#8221;#ffffff&#8221; border_style_bottom=&#8221;groove&#8221; global_colors_info=&#8221;{}&#8221;]<\/p>\n<h1>Prezentacije\u00a0<\/h1>\n<p>[\/et_pb_text][et_pb_accordion toggle_icon=&#8221;&#xe01e;||divi||400&#8243; _builder_version=&#8221;4.23.3&#8243; _module_preset=&#8221;default&#8221; toggle_font_size=&#8221;12px&#8221; width=&#8221;49%&#8221; max_width=&#8221;100%&#8221; module_alignment=&#8221;left&#8221; min_height=&#8221;100px&#8221; height=&#8221;300px&#8221; max_height=&#8221;100px&#8221; custom_margin=&#8221;|379px||35px|false|false&#8221; border_width_all=&#8221;2px&#8221; box_shadow_style=&#8221;preset2&#8243; global_colors_info=&#8221;{}&#8221;][et_pb_accordion_item title=&#8221;Era vodika, izv. prof. dr. sc. Ankica Kova\u010d, FSB, Sveu\u010dili\u0161te u Zagrebu&#8221; open=&#8221;on&#8221; closed_toggle_background_color=&#8221;#ffffff&#8221; icon_color=&#8221;RGBA(255,255,255,0)&#8221; toggle_icon=&#8221;&#xe01e;||divi||400&#8243; _builder_version=&#8221;4.23.3&#8243; _module_preset=&#8221;default&#8221; text_orientation=&#8221;left&#8221; link_option_url=&#8221;https:\/\/hdzi.hr\/wpnew\/wp-content\/uploads\/2023\/09\/Ankica-Kovac_.pdf&#8221; text_shadow_style=&#8221;preset4&#8243; global_colors_info=&#8221;{}&#8221;][\/et_pb_accordion_item][et_pb_accordion_item title=&#8221;Primjena hibridnih sustava i alternativnih goriva za pogon \u017eeljezni\u010dkih vozila, prof.dr.sc. Mladen Nik\u0161i\u0107, FPZ, Sveu\u010dili\u0161te u Zagrebu&#8221; closed_toggle_background_color=&#8221;#ffffff&#8221; icon_color=&#8221;RGBA(255,255,255,0)&#8221; toggle_icon=&#8221;&#xe01e;||divi||400&#8243; _builder_version=&#8221;4.23.3&#8243; _module_preset=&#8221;default&#8221; text_orientation=&#8221;left&#8221; link_option_url=&#8221;https:\/\/hdzi.hr\/wpnew\/wp-content\/uploads\/2023\/09\/M.-Niksic-FPZ.pdf&#8221; text_shadow_style=&#8221;preset4&#8243; global_colors_info=&#8221;{}&#8221; open=&#8221;off&#8221;][\/et_pb_accordion_item][et_pb_accordion_item title=&#8221;Modernizacija voznog parka H\u017d Putni\u010dkog prijevoza, Mario \u0160imi\u0107, H\u017d Putni\u010dki prijevoz&#8221; closed_toggle_background_color=&#8221;#ffffff&#8221; icon_color=&#8221;RGBA(255,255,255,0)&#8221; toggle_icon=&#8221;&#xe01e;||divi||400&#8243; _builder_version=&#8221;4.23.3&#8243; _module_preset=&#8221;default&#8221; text_orientation=&#8221;left&#8221; link_option_url=&#8221;https:\/\/hdzi.hr\/wpnew\/wp-content\/uploads\/2023\/09\/MODERNIZACIJA-VOZNOG-PARKA-u-HZPP-u.pdf&#8221; text_shadow_style=&#8221;preset4&#8243; global_colors_info=&#8221;{}&#8221; open=&#8221;off&#8221;][\/et_pb_accordion_item][et_pb_accordion_item title=&#8221;Fuel cell hydrogen in railway environment,  Aivars Starikovs,  Hydrogen Europe&#8221; closed_toggle_background_color=&#8221;#ffffff&#8221; icon_color=&#8221;RGBA(255,255,255,0)&#8221; toggle_icon=&#8221;&#xe01e;||divi||400&#8243; _builder_version=&#8221;4.23.3&#8243; _module_preset=&#8221;default&#8221; text_orientation=&#8221;left&#8221; link_option_url=&#8221;https:\/\/hdzi.hr\/wpnew\/wp-content\/uploads\/2023\/09\/HE.pdf&#8221; text_shadow_style=&#8221;preset4&#8243; global_colors_info=&#8221;{}&#8221; open=&#8221;off&#8221;][\/et_pb_accordion_item][et_pb_accordion_item title=&#8221;Alternativni pogoni za \u017eeljezni\u010dka vozila \u2013 KON\u010cAR, Josip Nini\u0107, Kon\u010dar KEV&#8221; closed_toggle_background_color=&#8221;#ffffff&#8221; icon_color=&#8221;RGBA(255,255,255,0)&#8221; toggle_icon=&#8221;&#xe01e;||divi||400&#8243; _builder_version=&#8221;4.23.3&#8243; _module_preset=&#8221;default&#8221; text_orientation=&#8221;left&#8221; link_option_url=&#8221;https:\/\/hdzi.hr\/wpnew\/wp-content\/uploads\/2023\/09\/Koncar-Alternativni_pogoni.pdf&#8221; text_shadow_style=&#8221;preset4&#8243; global_colors_info=&#8221;{}&#8221; open=&#8221;off&#8221;][\/et_pb_accordion_item][et_pb_accordion_item title=&#8221;Vlakovi s alternativnim pogonom, Bruno Gabud, Siemens Mobility&#8221; closed_toggle_background_color=&#8221;#ffffff&#8221; icon_color=&#8221;RGBA(255,255,255,0)&#8221; toggle_icon=&#8221;&#xe01e;||divi||400&#8243; _builder_version=&#8221;4.23.3&#8243; _module_preset=&#8221;default&#8221; text_orientation=&#8221;left&#8221; link_option_url=&#8221;https:\/\/hdzi.hr\/wpnew\/wp-content\/uploads\/2023\/09\/Siemens-Mobility.pdf&#8221; text_shadow_style=&#8221;preset4&#8243; global_colors_info=&#8221;{}&#8221; open=&#8221;off&#8221;][\/et_pb_accordion_item][et_pb_accordion_item title=&#8221;Alstom green solution \u2013 zero CO2 emission, \u0110urica Mi\u0161in, Alstom&#8221; closed_toggle_background_color=&#8221;#ffffff&#8221; icon_color=&#8221;RGBA(255,255,255,0)&#8221; toggle_icon=&#8221;&#xe01e;||divi||400&#8243; _builder_version=&#8221;4.23.3&#8243; _module_preset=&#8221;default&#8221; text_orientation=&#8221;left&#8221; link_option_url=&#8221;https:\/\/hdzi.hr\/wpnew\/wp-content\/uploads\/2023\/09\/Alstom_Green-solution.pdf&#8221; text_shadow_style=&#8221;preset4&#8243; global_colors_info=&#8221;{}&#8221; open=&#8221;off&#8221;][\/et_pb_accordion_item][\/et_pb_accordion][\/et_pb_column][\/et_pb_row][et_pb_row use_custom_gutter=&#8221;on&#8221; make_equal=&#8221;on&#8221; _builder_version=&#8221;4.23.3&#8243; _module_preset=&#8221;default&#8221; width=&#8221;82%&#8221; max_width=&#8221;2560px&#8221; global_colors_info=&#8221;{}&#8221;][et_pb_column type=&#8221;4_4&#8243; _builder_version=&#8221;4.23.3&#8243; _module_preset=&#8221;default&#8221; global_colors_info=&#8221;{}&#8221;][et_pb_text _builder_version=&#8221;4.23.3&#8243; _module_preset=&#8221;default&#8221; text_text_color=&#8221;#000f07&#8243; header_font=&#8221;|||on|||||&#8221; header_text_align=&#8221;center&#8221; header_text_color=&#8221;#fcfcfc&#8221; header_font_size=&#8221;27px&#8221; text_orientation=&#8221;center&#8221; width=&#8221;42%&#8221; module_alignment=&#8221;center&#8221; custom_margin=&#8221;40px||||false|false&#8221; header_text_shadow_style=&#8221;preset2&#8243; border_color_all=&#8221;#ffffff&#8221; border_width_bottom=&#8221;2px&#8221; border_style_bottom=&#8221;groove&#8221; global_colors_info=&#8221;{}&#8221;]<\/p>\n<h1>GALERIJA FOTOGRAFIJA<\/h1>\n<p>[\/et_pb_text][et_pb_gallery gallery_ids=&#8221;4049,4046,4045,4044,4043,4042,4041,4040,4039,4038,4036,4034,4033,4027&#8243; show_title_and_caption=&#8221;off&#8221; _builder_version=&#8221;4.23.3&#8243; width=&#8221;92%&#8221; module_alignment=&#8221;center&#8221; box_shadow_style_image=&#8221;preset1&#8243; locked=&#8221;off&#8221; global_colors_info=&#8221;{}&#8221; max_width=&#8221;90%&#8221; min_height=&#8221;100px&#8221; height=&#8221;100px&#8221; max_height=&#8221;1000px&#8221;][\/et_pb_gallery][\/et_pb_column][\/et_pb_row][\/et_pb_section][et_pb_section fb_built=&#8221;1&#8243; disabled_on=&#8221;on|on|off&#8221; admin_label=&#8221;Footer&#8221; _builder_version=&#8221;4.23.3&#8243; background_color=&#8221;#2b2b2b&#8221; width_tablet=&#8221;57%&#8221; width_phone=&#8221;68%&#8221; width_last_edited=&#8221;on|tablet&#8221; height=&#8221;393px&#8221; height_tablet=&#8221;1000px&#8221; height_phone=&#8221;1000px&#8221; height_last_edited=&#8221;on|phone&#8221; max_height=&#8221;332px&#8221; custom_padding=&#8221;80px|0px|0px|0px|false|false&#8221; module_alignment_tablet=&#8221;center&#8221; module_alignment_phone=&#8221;center&#8221; module_alignment_last_edited=&#8221;on|phone&#8221; border_color_all=&#8221;#18252c&#8221; border_color_top=&#8221;rgba(65,84,125,0.85)&#8221; locked=&#8221;off&#8221; global_colors_info=&#8221;{}&#8221;][et_pb_row column_structure=&#8221;1_2,1_2&#8243; module_id=&#8221;Kontaktirajte nas&#8221; _builder_version=&#8221;4.23.3&#8243; width=&#8221;100%&#8221; max_width=&#8221;2560px&#8221; module_alignment=&#8221;left&#8221; height=&#8221;407px&#8221; custom_margin=&#8221;-57px||||false|false&#8221; global_colors_info=&#8221;{}&#8221;][et_pb_column type=&#8221;1_2&#8243; _builder_version=&#8221;4.23.3&#8243; custom_padding=&#8221;0px|0px|0px|280px|false|false&#8221; global_colors_info=&#8221;{}&#8221; custom_padding__hover=&#8221;|||&#8221;][et_pb_text module_id=&#8221;kontakt&#8221; _builder_version=&#8221;4.23.3&#8243; _module_preset=&#8221;default&#8221; text_text_color=&#8221;#FFFFFF&#8221; text_font_size=&#8221;15px&#8221; header_text_color=&#8221;#FFFFFF&#8221; header_font_size=&#8221;36px&#8221; header_2_text_color=&#8221;#FFFFFF&#8221; module_alignment=&#8221;left&#8221; global_colors_info=&#8221;{}&#8221;]<\/p>\n<h1 style=\"text-align: justify;\">Kontaktirajte nas<\/h1>\n<p>[\/et_pb_text][et_pb_blurb title=&#8221;Gdje smo&#8221; use_icon=&#8221;on&#8221; font_icon=&#8221;&#xe081;||divi||400&#8243; icon_color=&#8221;#7192c7&#8243; icon_placement=&#8221;left&#8221; image_icon_width=&#8221;22px&#8221; content_max_width=&#8221;1100px&#8221; _builder_version=&#8221;4.23.3&#8243; header_font=&#8221;Libre Franklin|600|||||||&#8221; header_line_height=&#8221;1.4em&#8221; body_font=&#8221;||||||||&#8221; body_line_height=&#8221;1.8em&#8221; background_layout=&#8221;dark&#8221; custom_margin=&#8221;-10px||||false|false&#8221; animation=&#8221;off&#8221; icon_font_size=&#8221;22px&#8221; locked=&#8221;off&#8221; global_colors_info=&#8221;{}&#8221;]<\/p>\n<p>Petrinjska 89, 10000 Zagreb<\/p>\n<p>[\/et_pb_blurb][et_pb_blurb title=&#8221;E-adresa&#8221; use_icon=&#8221;on&#8221; font_icon=&#8221;&#xe010;||divi||400&#8243; icon_color=&#8221;#7192c7&#8243; icon_placement=&#8221;left&#8221; image_icon_width=&#8221;22px&#8221; content_max_width=&#8221;1100px&#8221; _builder_version=&#8221;4.23.3&#8243; header_font=&#8221;Libre Franklin|600|||||||&#8221; header_line_height=&#8221;1.4em&#8221; body_font=&#8221;||||||||&#8221; body_line_height=&#8221;1.8em&#8221; background_layout=&#8221;dark&#8221; custom_margin=&#8221;0px||||false|false&#8221; animation=&#8221;off&#8221; icon_font_size=&#8221;22px&#8221; locked=&#8221;off&#8221; global_colors_info=&#8221;{}&#8221;]<\/p>\n<p>hdzi@hdzi.hr<\/p>\n<p>[\/et_pb_blurb][\/et_pb_column][et_pb_column type=&#8221;1_2&#8243; _builder_version=&#8221;4.23.3&#8243; custom_padding=&#8221;|0px||0px|false|false&#8221; global_colors_info=&#8221;{}&#8221; custom_padding__hover=&#8221;|||&#8221;][et_pb_contact_form captcha=&#8221;off&#8221; email=&#8221;hdzi@hdzi.hr&#8221; submit_button_text=&#8221;po\u0161alji&#8221; _builder_version=&#8221;4.23.3&#8243; _unique_id=&#8221;b516e266-f6e8-477c-b1b3-55205afe05c3&#8243; form_field_background_color=&#8221;#ffffff&#8221; form_field_text_color=&#8221;#41547d&#8221; title_font_size=&#8221;30px&#8221; captcha_font=&#8221;||||||||&#8221; captcha_text_color=&#8221;#ffffff&#8221; captcha_font_size=&#8221;13px&#8221; captcha_letter_spacing=&#8221;1px&#8221; form_field_font=&#8221;||||||||&#8221; form_field_font_size=&#8221;16px&#8221; custom_button=&#8221;on&#8221; button_text_size=&#8221;14px&#8221; button_text_color=&#8221;#41547d&#8221; button_bg_color=&#8221;#FFFFFF&#8221; button_border_width=&#8221;2px&#8221; button_border_color=&#8221;#41547d&#8221; button_border_radius=&#8221;-2px&#8221; button_letter_spacing=&#8221;2px&#8221; button_font=&#8221;|||on|||||&#8221; button_icon=&#8221;&#x24;||divi||400&#8243; button_icon_color=&#8221;#ffffff&#8221; text_orientation=&#8221;left&#8221; width=&#8221;49%&#8221; max_width=&#8221;150%&#8221; module_alignment=&#8221;left&#8221; min_height=&#8221;100px&#8221; height=&#8221;100px&#8221; max_height=&#8221;676px&#8221; locked=&#8221;off&#8221; global_colors_info=&#8221;{}&#8221; button_bg_color__hover_enabled=&#8221;on|desktop&#8221; button_bg_color__hover=&#8221;#ffffff&#8221;][et_pb_contact_field field_id=&#8221;Name&#8221; field_title=&#8221;Ime i prezime&#8221; _builder_version=&#8221;4.23.3&#8243; form_field_font=&#8221;||||||||&#8221; border_radii=&#8221;on|0px|0px|0px|0px&#8221; global_colors_info=&#8221;{}&#8221; button_text_size__hover_enabled=&#8221;off&#8221; button_one_text_size__hover_enabled=&#8221;off&#8221; button_two_text_size__hover_enabled=&#8221;off&#8221; button_text_color__hover_enabled=&#8221;off&#8221; button_one_text_color__hover_enabled=&#8221;off&#8221; button_two_text_color__hover_enabled=&#8221;off&#8221; button_border_width__hover_enabled=&#8221;off&#8221; button_one_border_width__hover_enabled=&#8221;off&#8221; button_two_border_width__hover_enabled=&#8221;off&#8221; button_border_color__hover_enabled=&#8221;off&#8221; button_one_border_color__hover_enabled=&#8221;off&#8221; button_two_border_color__hover_enabled=&#8221;off&#8221; button_border_radius__hover_enabled=&#8221;off&#8221; button_one_border_radius__hover_enabled=&#8221;off&#8221; button_two_border_radius__hover_enabled=&#8221;off&#8221; button_letter_spacing__hover_enabled=&#8221;off&#8221; button_one_letter_spacing__hover_enabled=&#8221;off&#8221; button_two_letter_spacing__hover_enabled=&#8221;off&#8221; button_bg_color__hover_enabled=&#8221;off&#8221; button_one_bg_color__hover_enabled=&#8221;off&#8221; button_two_bg_color__hover_enabled=&#8221;off&#8221;][\/et_pb_contact_field][et_pb_contact_field field_id=&#8221;Email&#8221; field_title=&#8221;Email adresa&#8221; field_type=&#8221;email&#8221; _builder_version=&#8221;4.23.3&#8243; border_radii=&#8221;on|0px|0px|0px|0px&#8221; global_colors_info=&#8221;{}&#8221; button_text_size__hover_enabled=&#8221;off&#8221; button_one_text_size__hover_enabled=&#8221;off&#8221; button_two_text_size__hover_enabled=&#8221;off&#8221; button_text_color__hover_enabled=&#8221;off&#8221; button_one_text_color__hover_enabled=&#8221;off&#8221; button_two_text_color__hover_enabled=&#8221;off&#8221; button_border_width__hover_enabled=&#8221;off&#8221; button_one_border_width__hover_enabled=&#8221;off&#8221; button_two_border_width__hover_enabled=&#8221;off&#8221; button_border_color__hover_enabled=&#8221;off&#8221; button_one_border_color__hover_enabled=&#8221;off&#8221; button_two_border_color__hover_enabled=&#8221;off&#8221; button_border_radius__hover_enabled=&#8221;off&#8221; button_one_border_radius__hover_enabled=&#8221;off&#8221; button_two_border_radius__hover_enabled=&#8221;off&#8221; button_letter_spacing__hover_enabled=&#8221;off&#8221; button_one_letter_spacing__hover_enabled=&#8221;off&#8221; button_two_letter_spacing__hover_enabled=&#8221;off&#8221; button_bg_color__hover_enabled=&#8221;off&#8221; button_one_bg_color__hover_enabled=&#8221;off&#8221; button_two_bg_color__hover_enabled=&#8221;off&#8221;][\/et_pb_contact_field][et_pb_contact_field field_id=&#8221;Message&#8221; field_title=&#8221;Poruka&#8221; field_type=&#8221;text&#8221; fullwidth_field=&#8221;on&#8221; _builder_version=&#8221;4.16&#8243; global_colors_info=&#8221;{}&#8221; button_text_size__hover_enabled=&#8221;off&#8221; button_one_text_size__hover_enabled=&#8221;off&#8221; button_two_text_size__hover_enabled=&#8221;off&#8221; button_text_color__hover_enabled=&#8221;off&#8221; button_one_text_color__hover_enabled=&#8221;off&#8221; button_two_text_color__hover_enabled=&#8221;off&#8221; button_border_width__hover_enabled=&#8221;off&#8221; button_one_border_width__hover_enabled=&#8221;off&#8221; button_two_border_width__hover_enabled=&#8221;off&#8221; button_border_color__hover_enabled=&#8221;off&#8221; button_one_border_color__hover_enabled=&#8221;off&#8221; button_two_border_color__hover_enabled=&#8221;off&#8221; button_border_radius__hover_enabled=&#8221;off&#8221; button_one_border_radius__hover_enabled=&#8221;off&#8221; button_two_border_radius__hover_enabled=&#8221;off&#8221; button_letter_spacing__hover_enabled=&#8221;off&#8221; button_one_letter_spacing__hover_enabled=&#8221;off&#8221; button_two_letter_spacing__hover_enabled=&#8221;off&#8221; button_bg_color__hover_enabled=&#8221;off&#8221; button_one_bg_color__hover_enabled=&#8221;off&#8221; button_two_bg_color__hover_enabled=&#8221;off&#8221;][\/et_pb_contact_field][\/et_pb_contact_form][\/et_pb_column][\/et_pb_row][\/et_pb_section]<\/p>\n","protected":false},"excerpt":{"rendered":"<p>Konferencija o alternativnim pogonima \u017eeljezni\u010dkih vozila 2023Prezentacije\u00a0GALERIJA FOTOGRAFIJAKontaktirajte nasPetrinjska 89, 10000 Zagrebhdzi@hdzi.hr<\/p>\n","protected":false},"author":1,"featured_media":0,"parent":0,"menu_order":0,"comment_status":"closed","ping_status":"closed","template":"","meta":{"_et_pb_use_builder":"on","_et_pb_old_content":"","_et_gb_content_width":"","footnotes":""},"class_list":["post-6138","page","type-page","status-publish","hentry"],"_links":{"self":[{"href":"https:\/\/hdzi.hr\/wpnew\/index.php?rest_route=\/wp\/v2\/pages\/6138","targetHints":{"allow":["GET"]}}],"collection":[{"href":"https:\/\/hdzi.hr\/wpnew\/index.php?rest_route=\/wp\/v2\/pages"}],"about":[{"href":"https:\/\/hdzi.hr\/wpnew\/index.php?rest_route=\/wp\/v2\/types\/page"}],"author":[{"embeddable":true,"href":"https:\/\/hdzi.hr\/wpnew\/index.php?rest_route=\/wp\/v2\/users\/1"}],"replies":[{"embeddable":true,"href":"https:\/\/hdzi.hr\/wpnew\/index.php?rest_route=%2Fwp%2Fv2%2Fcomments&post=6138"}],"version-history":[{"count":13,"href":"https:\/\/hdzi.hr\/wpnew\/index.php?rest_route=\/wp\/v2\/pages\/6138\/revisions"}],"predecessor-version":[{"id":6596,"href":"https:\/\/hdzi.hr\/wpnew\/index.php?rest_route=\/wp\/v2\/pages\/6138\/revisions\/6596"}],"wp:attachment":[{"href":"https:\/\/hdzi.hr\/wpnew\/index.php?rest_route=%2Fwp%2Fv2%2Fmedia&parent=6138"}],"curies":[{"name":"wp","href":"https:\/\/api.w.org\/{rel}","templated":true}]}}