{"id":6991,"date":"2025-06-05T08:13:31","date_gmt":"2025-06-05T08:13:31","guid":{"rendered":"https:\/\/hdzi.hr\/wpnew\/?page_id=6991"},"modified":"2025-09-08T07:59:59","modified_gmt":"2025-09-08T07:59:59","slug":"auto-draft-2","status":"publish","type":"page","link":"https:\/\/hdzi.hr\/wpnew\/?page_id=6991","title":{"rendered":"Konferenecija o sigurnosti \u017eeljezni\u010dkog prometa 2025"},"content":{"rendered":"<p>[et_pb_section fb_built=&#8221;1&#8243; disabled_on=&#8221;on|on|off&#8221; admin_label=&#8221;Sponsors&#8221; _builder_version=&#8221;4.23.3&#8243; background_enable_color=&#8221;off&#8221; min_height=&#8221;1423px&#8221; min_height_tablet=&#8221;1783px&#8221; min_height_phone=&#8221;3100px&#8221; min_height_last_edited=&#8221;on|phone&#8221; height=&#8221;1283px&#8221; max_height=&#8221;1626px&#8221; custom_margin=&#8221;-13px||||false|false&#8221; custom_margin_tablet=&#8221;0px||||false|false&#8221; custom_margin_phone=&#8221;-50px||||false|false&#8221; custom_margin_last_edited=&#8221;on|phone&#8221; custom_padding=&#8221;0px|0px|0|0px|false|false&#8221; top_divider_style=&#8221;asymmetric4&#8243; top_divider_color=&#8221;RGBA(255,255,255,0)&#8221; top_divider_style_tablet=&#8221;mountains&#8221; top_divider_style_phone=&#8221;mountains&#8221; top_divider_style_last_edited=&#8221;on|desktop&#8221; global_colors_info=&#8221;{}&#8221;][et_pb_row _builder_version=&#8221;4.23.3&#8243; _module_preset=&#8221;default&#8221; custom_margin=&#8221;-31px||||false|false&#8221; global_colors_info=&#8221;{}&#8221;][et_pb_column type=&#8221;4_4&#8243; _builder_version=&#8221;4.23.3&#8243; _module_preset=&#8221;default&#8221; global_colors_info=&#8221;{}&#8221;][et_pb_image src=&#8221;https:\/\/hdzi.hr\/wpnew\/wp-content\/uploads\/2025\/06\/Konferencija-za-sigurnost_header.png&#8221; title_text=&#8221;Konferencija za sigurnost_header&#8221; _builder_version=&#8221;4.23.3&#8243; _module_preset=&#8221;default&#8221; global_colors_info=&#8221;{}&#8221;][\/et_pb_image][et_pb_testimonial quote_icon=&#8221;off&#8221; quote_icon_color=&#8221;#ffffff&#8221; quote_icon_background_color=&#8221;RGBA(255,255,255,0)&#8221; font_icon=&#8221;&#x76;||divi||400&#8243; _builder_version=&#8221;4.23.3&#8243; _module_preset=&#8221;default&#8221; body_font=&#8221;|600|||||||&#8221; body_text_color=&#8221;#ffffff&#8221; body_font_size=&#8221;15px&#8221; background_color=&#8221;#134b80&#8243; module_alignment=&#8221;center&#8221; custom_margin=&#8221;-58px||||false|false&#8221; custom_padding=&#8221;|||46px||&#8221; border_width_top=&#8221;1px&#8221; border_color_top=&#8221;#ffffff&#8221; border_width_bottom=&#8221;1px&#8221; border_color_bottom=&#8221;#f4f4f4&#8243; box_shadow_style=&#8221;preset3&#8243; locked=&#8221;off&#8221; inline_fonts=&#8221;ABeeZee&#8221; global_colors_info=&#8221;{}&#8221;]<\/p>\n<p style=\"font-weight: 400; text-align: justify;\"><strong><\/strong><\/p>\n<p style=\"font-weight: 400; text-align: justify;\"><strong>Agencija za istra\u017eivanje nesre\u0107a u zra\u010dnom, pomorskom i \u017eeljezni\u010dkom prometu, Agencija za sigurnost \u017eeljezni\u010dkog prometa i Hrvatsko dru\u0161tvo \u017eeljezni\u010dkih in\u017eenjera organiziraju prvu tematsku konferenciju o sigurnosti \u017eeljezni\u010dkog prometa u Hrvatskoj.<\/strong><\/p>\n<p style=\"font-weight: 400; text-align: justify;\">Konferencija \u0107e biti odr\u017eana 15. listopada 2025. u zgradi Ministarstva mora, prometa i infrastrukture, koje je pokrovitelj toga jedinstvenog doga\u0111anja.<\/p>\n<p style=\"font-weight: 400; text-align: justify;\">Cilj je konferencije predstaviti nacionalni sustav upravljanja sigurno\u0161\u0107u (SUS) i njegove elemente te primjenu kod dionika \u017eeljezni\u010dkog sustava. Konferencija \u0107e se sastojati od triju dijelova: dvaju blokova s izlaganjima i panel-rasprave.<\/p>\n<p><span style=\"font-family: inherit; font-weight: normal;\">Prvi blok s izlaganjima bit \u0107e uvod u tematiku i obra\u0111ivat \u0107e institucionalni okvir SUS-a te njegovu primjenu u \u017eeljezni\u010dkome sustavu RH.<\/span><\/p>\n<p><span style=\"font-family: inherit; font-weight: normal;\">Drugi blok \u010dinit \u0107e izlaganja predstavnika \u017eeljezni\u010dke industrije koji \u0107e predstaviti svoje doprinosa razvoju i unaprje\u0111enju SUS-a, a panel-rasprava namjerava su\u010deliti predstavnike svih dionika SUS-a i razviti konstruktivnu diskusiju.<\/span><\/p>\n<p style=\"font-weight: 400; text-align: justify;\">Konferencija je namijenjena srednjemu i vi\u0161emu menad\u017ementu nacionalnih \u017eeljezni\u010dkih prijevoznika i upravitelja infrastrukture, predstavnicima tvrtki koje razvijaju sustave i rje\u0161enja za \u017eeljeznicu, projektantima i akademskoj zajednici.<\/p>\n<p style=\"font-weight: 400; text-align: justify;\">Uskoro vi\u0161e informacija.<\/p>\n<p style=\"font-weight: 400; text-align: justify;\">[\/et_pb_testimonial][et_pb_image src=&#8221;https:\/\/hdzi.hr\/wpnew\/wp-content\/uploads\/2025\/06\/Poziv-organizatora.png&#8221; title_text=&#8221;Poziv organizatora&#8221; force_fullwidth=&#8221;on&#8221; _builder_version=&#8221;4.23.3&#8243; _module_preset=&#8221;default&#8221; custom_margin=&#8221;-30px||||false|false&#8221; border_width_top=&#8221;1px&#8221; border_color_top=&#8221;#f4f4f4&#8243; global_colors_info=&#8221;{}&#8221;][\/et_pb_image][et_pb_image src=&#8221;https:\/\/hdzi.hr\/wpnew\/wp-content\/uploads\/2025\/06\/Konferencija-za-sigurnost_footer.png&#8221; title_text=&#8221;Konferencija za sigurnost_footer&#8221; _builder_version=&#8221;4.23.3&#8243; _module_preset=&#8221;default&#8221; custom_margin=&#8221;-29px||||false|false&#8221; global_colors_info=&#8221;{}&#8221;][\/et_pb_image][\/et_pb_column][\/et_pb_row][\/et_pb_section][et_pb_section fb_built=&#8221;1&#8243; disabled_on=&#8221;off|off|on&#8221; admin_label=&#8221;Sponsors&#8221; _builder_version=&#8221;4.23.3&#8243; background_enable_color=&#8221;off&#8221; min_height=&#8221;1423px&#8221; min_height_tablet=&#8221;1282px&#8221; min_height_phone=&#8221;1314px&#8221; min_height_last_edited=&#8221;on|phone&#8221; height=&#8221;1283px&#8221; max_height=&#8221;1626px&#8221; custom_margin=&#8221;-13px||||false|false&#8221; custom_margin_tablet=&#8221;-92px||||false|false&#8221; custom_margin_phone=&#8221;-62px||||false|false&#8221; custom_margin_last_edited=&#8221;on|phone&#8221; custom_padding=&#8221;0px|0px|0|0px|false|false&#8221; top_divider_style=&#8221;asymmetric4&#8243; top_divider_color=&#8221;RGBA(255,255,255,0)&#8221; top_divider_style_tablet=&#8221;mountains&#8221; top_divider_style_phone=&#8221;mountains&#8221; top_divider_style_last_edited=&#8221;on|desktop&#8221; global_colors_info=&#8221;{}&#8221;][et_pb_row _builder_version=&#8221;4.23.3&#8243; _module_preset=&#8221;default&#8221; custom_margin=&#8221;20px||||false|false&#8221; global_colors_info=&#8221;{}&#8221;][et_pb_column type=&#8221;4_4&#8243; _builder_version=&#8221;4.23.3&#8243; _module_preset=&#8221;default&#8221; global_colors_info=&#8221;{}&#8221;][et_pb_image src=&#8221;https:\/\/hdzi.hr\/wpnew\/wp-content\/uploads\/2025\/06\/Konferencija-za-sigurnost_header.png&#8221; title_text=&#8221;Konferencija za sigurnost_header&#8221; _builder_version=&#8221;4.23.3&#8243; _module_preset=&#8221;default&#8221; custom_margin=&#8221;16px||||false|false&#8221; global_colors_info=&#8221;{}&#8221;][\/et_pb_image][et_pb_testimonial quote_icon=&#8221;off&#8221; quote_icon_color=&#8221;#ffffff&#8221; quote_icon_background_color=&#8221;RGBA(255,255,255,0)&#8221; font_icon=&#8221;&#x76;||divi||400&#8243; _builder_version=&#8221;4.23.3&#8243; _module_preset=&#8221;default&#8221; body_font=&#8221;|600|||||||&#8221; body_text_color=&#8221;#ffffff&#8221; body_font_size=&#8221;13px&#8221; background_color=&#8221;#134b80&#8243; module_alignment=&#8221;center&#8221; custom_margin=&#8221;-29px||||false|false&#8221; custom_padding=&#8221;|||46px||&#8221; border_width_top=&#8221;1px&#8221; border_color_top=&#8221;#ffffff&#8221; border_width_bottom=&#8221;1px&#8221; border_color_bottom=&#8221;#f4f4f4&#8243; box_shadow_style=&#8221;preset3&#8243; locked=&#8221;off&#8221; global_colors_info=&#8221;{}&#8221;]<\/p>\n<p style=\"font-weight: 400; text-align: justify;\"><strong><\/strong><\/p>\n<p style=\"font-weight: 400; text-align: justify;\"><strong>Agencija za istra\u017eivanje nesre\u0107a u zra\u010dnom, pomorskom i \u017eeljezni\u010dkom prometu, Agencija za sigurnost \u017eeljezni\u010dkog prometa i Hrvatsko dru\u0161tvo \u017eeljezni\u010dkih in\u017eenjera organiziraju prvu tematsku konferenciju o sigurnosti \u017eeljezni\u010dkog prometa u Hrvatskoj.<\/strong><\/p>\n<p style=\"font-weight: 400; text-align: justify;\">Konferencija \u0107e biti odr\u017eana <strong>15. listopada 2025.<\/strong> u zgradi Ministarstva mora, pomorstva i infrastrukture, koje je pokrovitelj toga jedinstvenog doga\u0111anja.<\/p>\n<p style=\"font-weight: 400; text-align: justify;\">Cilj je konferencije predstaviti nacionalni sustav upravljanja sigurno\u0161\u0107u (SUS) i njegove elemente te primjenu kod dionika \u017eeljezni\u010dkog sustava. Konferencija \u0107e se sastojati od triju dijelova: dvaju blokova s izlaganjima i panel-rasprave.<\/p>\n<p>Prvi blok s izlaganjima bit \u0107e uvod u tematiku i obra\u0111ivat \u0107e institucionalni okvir SUS-a te njegovu primjenu u \u017eeljezni\u010dkome sustavu RH.<\/p>\n<p>Drugi blok \u010dinit \u0107e izlaganja predstavnika \u017eeljezni\u010dke industrije koji \u0107e predstaviti svoje doprinosa razvoju i unaprje\u0111enju SUS-a, a panel-rasprava namjerava su\u010deliti predstavnike svih dionika SUS-a i razviti konstruktivnu diskusiju.<\/p>\n<p style=\"font-weight: 400; text-align: justify;\">Konferencija je namijenjena srednjemu i vi\u0161emu menad\u017ementu nacionalnih \u017eeljezni\u010dkih prijevoznika i upravitelja infrastrukture, predstavnicima tvrtki koje razvijaju sustave i rje\u0161enja za \u017eeljeznicu, projektantima i akademskoj zajednici.<\/p>\n<p style=\"font-weight: 400; text-align: justify;\">Uskoro vi\u0161e informacija.<\/p>\n<p style=\"font-weight: 400; text-align: justify;\">[\/et_pb_testimonial][et_pb_image src=&#8221;https:\/\/hdzi.hr\/wpnew\/wp-content\/uploads\/2025\/06\/Poziv-organizatora.png&#8221; title_text=&#8221;Poziv organizatora&#8221; force_fullwidth=&#8221;on&#8221; _builder_version=&#8221;4.23.3&#8243; _module_preset=&#8221;default&#8221; custom_margin=&#8221;-30px||||false|false&#8221; border_width_top=&#8221;1px&#8221; border_color_top=&#8221;#f4f4f4&#8243; global_colors_info=&#8221;{}&#8221;][\/et_pb_image][et_pb_image src=&#8221;https:\/\/hdzi.hr\/wpnew\/wp-content\/uploads\/2025\/06\/Konferencija-za-sigurnost_footer.png&#8221; title_text=&#8221;Konferencija za sigurnost_footer&#8221; _builder_version=&#8221;4.23.3&#8243; _module_preset=&#8221;default&#8221; custom_margin=&#8221;-29px||||false|false&#8221; global_colors_info=&#8221;{}&#8221;][\/et_pb_image][\/et_pb_column][\/et_pb_row][\/et_pb_section]<\/p>\n","protected":false},"excerpt":{"rendered":"<p>Agencija za istra\u017eivanje nesre\u0107a u zra\u010dnom, pomorskom i \u017eeljezni\u010dkom prometu, Agencija za sigurnost \u017eeljezni\u010dkog prometa i Hrvatsko dru\u0161tvo \u017eeljezni\u010dkih in\u017eenjera organiziraju prvu tematsku konferenciju o sigurnosti \u017eeljezni\u010dkog prometa u Hrvatskoj. Konferencija \u0107e biti odr\u017eana 15. listopada 2025. u zgradi Ministarstva mora, prometa i infrastrukture, koje je pokrovitelj toga jedinstvenog doga\u0111anja. Cilj je konferencije predstaviti nacionalni [&hellip;]<\/p>\n","protected":false},"author":1,"featured_media":0,"parent":0,"menu_order":0,"comment_status":"closed","ping_status":"closed","template":"","meta":{"_et_pb_use_builder":"on","_et_pb_old_content":"","_et_gb_content_width":"","footnotes":""},"class_list":["post-6991","page","type-page","status-publish","hentry"],"_links":{"self":[{"href":"https:\/\/hdzi.hr\/wpnew\/index.php?rest_route=\/wp\/v2\/pages\/6991","targetHints":{"allow":["GET"]}}],"collection":[{"href":"https:\/\/hdzi.hr\/wpnew\/index.php?rest_route=\/wp\/v2\/pages"}],"about":[{"href":"https:\/\/hdzi.hr\/wpnew\/index.php?rest_route=\/wp\/v2\/types\/page"}],"author":[{"embeddable":true,"href":"https:\/\/hdzi.hr\/wpnew\/index.php?rest_route=\/wp\/v2\/users\/1"}],"replies":[{"embeddable":true,"href":"https:\/\/hdzi.hr\/wpnew\/index.php?rest_route=%2Fwp%2Fv2%2Fcomments&post=6991"}],"version-history":[{"count":70,"href":"https:\/\/hdzi.hr\/wpnew\/index.php?rest_route=\/wp\/v2\/pages\/6991\/revisions"}],"predecessor-version":[{"id":7132,"href":"https:\/\/hdzi.hr\/wpnew\/index.php?rest_route=\/wp\/v2\/pages\/6991\/revisions\/7132"}],"wp:attachment":[{"href":"https:\/\/hdzi.hr\/wpnew\/index.php?rest_route=%2Fwp%2Fv2%2Fmedia&parent=6991"}],"curies":[{"name":"wp","href":"https:\/\/api.w.org\/{rel}","templated":true}]}}