{"id":837,"date":"2020-01-09T07:58:32","date_gmt":"2020-01-09T07:58:32","guid":{"rendered":"https:\/\/hdzi.hr\/wpnew\/?page_id=837"},"modified":"2023-09-18T12:14:52","modified_gmt":"2023-09-18T12:14:52","slug":"eurail-ing","status":"publish","type":"page","link":"https:\/\/hdzi.hr\/wpnew\/?page_id=837","title":{"rendered":"EURAIL-ing"},"content":{"rendered":"<p>[et_pb_section fb_built=&#8221;1&#8243; _builder_version=&#8221;4.0.9&#8243; custom_padding=&#8221;21px||3px|||&#8221;][et_pb_row _builder_version=&#8221;4.0.9&#8243; min_height=&#8221;71px&#8221; custom_padding=&#8221;||0px|||&#8221;][et_pb_column type=&#8221;4_4&#8243; _builder_version=&#8221;4.0.9&#8243;][et_pb_post_title meta=&#8221;off&#8221; featured_image=&#8221;off&#8221; _builder_version=&#8221;4.0.9&#8243;][\/et_pb_post_title][\/et_pb_column][\/et_pb_row][et_pb_row column_structure=&#8221;3_5,2_5&#8243; _builder_version=&#8221;4.0.9&#8243; custom_margin=&#8221;-5px|auto||auto||&#8221; custom_padding=&#8221;||10px|||&#8221;][et_pb_column type=&#8221;3_5&#8243; _builder_version=&#8221;4.0.9&#8243;][et_pb_text _builder_version=&#8221;4.0.9&#8243; header_2_font_size=&#8221;22px&#8221; header_2_line_height=&#8221;1.1em&#8221; text_orientation=&#8221;justified&#8221;]<\/p>\n<h2>Razvoj \u017eeljeznica u Europi<\/h2>\n<p style=\"text-align: justify;\">Europske \u017eeljeznice zajedni\u010dki se neprestano razvijaju, a granice zemalja vi\u0161e nisu granice \u017eeljeznica. Nacionalne \u017eeljezni\u010dke mre\u017ee otvaraju se i za druge korisnike, te postaju pristupa\u010dne svim operaterima koji zadovoljavaju propisane zahtjeve.<br \/> EC je definirala smjernice za cijelu Europu, a jedan od klju\u010dnih ciljeva je uskla\u0111ivanja tehni\u010dkih i operativnih aktivnosti \u017eeljezni\u010dkih sustava.<br \/> U dana\u0161nje vrijeme, razvoj tr\u017ei\u0161ta \u017eeljezni\u010dke industrije i ekonomije vi\u0161e nije ograni\u010den nacionalnim granicama, ve\u0107 postaje rastu\u0107e i sveobuhvatno mjesto diljem Europe.<br \/> Pretpostavlja se da \u0107e \u017eeljeznice u dr\u017eavnom vlasni\u0161tvu, u potpunosti ili djelomi\u010dno biti privatizirane, a osnovne zada\u0107e i du\u017enosti koje su do sada bile u nadle\u017enosti \u017eeljezni\u010dkih tvrtki, biti \u0107e omogu\u0107ene i drugima.<br \/> Pro\u0161irenjem Europske Unije na jugoisto\u010dne zemlje o\u010dekuju se sve sna\u017enije promjene na \u017eeljeznicama, te ukoliko se \u017eeljeznica \u017eeli konkurentno natjecati s cestovnim prijevozom, morati \u0107e se modernizirati u svakom pogledu, kako bi postala u\u010dinkovita i fleksibilna.<\/p>\n<h2>Novi\u00a0zahtjevi\u00a0u\u00a0pogledu\u00a0zada\u0107e\u00a0\u017eeljezni\u010dkih in\u017eenjera<\/h2>\n<p style=\"text-align: justify;\">Promjene koje se doga\u0111aju u \u017eeljezni\u010dkom sektoru rezultiraju i posve novim zahtjevima u pogledu uloge \u017eeljezni\u010dkih in\u017eenjera, institucija (uprave) i gospodarstva.<br \/> Uslijed toga, \u017eeljezni\u010dki in\u017eenjer mora biti sposoban nuditi i prodavati vlastite sposobnosti i vje\u0161tine. Time \u0107e trebati mo\u0107i dokazati da je pripremljen za nove zahtjeve i da se mo\u017ee uspje\u0161no nositi s njima, a tako\u0111er \u0107e morati trajno pro\u0161irivati i prilagoditi svoje znanje i sposobnosti.<br \/> Interoperabilnost, kao sveprisutni trend u \u017eeljezni\u010dkom sektoru, zahtjeva nove kvalitete rada na polju in\u017eenjerstva tako da su \u017eeljezni\u010dkom in\u017eenjeru potrebne diplome i certifikati s kojima \u0107e mo\u0107i kvalitetno konkurirati na tr\u017ei\u0161tu rada i dokazati svoje kompetentnosti.<br \/> Pred njim \u0107e stajati sljede\u0107i izazovi:<\/p>\n<p style=\"padding-left: 30px;\">a) \u017deljezni\u010dki in\u017eenjeri morati \u0107e mo\u0107i predo\u010diti dokaz svojih posebnih kvalifikacija i kompetencija kako bi profesionalno bio anga\u017eiran u \u017eeljezni\u010dkim tvrtkama, institucijama, odnosno gospodarskim subjektima u budu\u0107nosti;<\/p>\n<p style=\"padding-left: 30px;\">b) Kompanije \u0107e sve vi\u0161e sudjelovati na javnim nadmetanjima u cijeloj Europi, stoga se o\u010dekuje ve\u0107a prilagodljivost in\u017eenjera;<\/p>\n<p style=\"padding-left: 30px;\">c) \u017deljezni\u010dki operateri \u0107e uspostavljati poslovni odnos s drugim \u017eeljezni\u010dkim subjektima, samo onim koja \u0107e raspolagati kvalificiranim i kompetentnim ljudima.<\/p>\n<p>\u009f Industrijske tvrtke koje \u0107e nuditi ugovorne odnose u \u017eeljezni\u010dkom sektoru, morati \u0107e dokazati da raspola\u017eu kvalificiranim \u017eeljezni\u010dkim in\u017eenjerima.<\/p>\n<p>&nbsp;<\/p>\n<h2>Licenca &#8221;\u00a0Europski \u017eeljezni\u010dki in\u017eenjer&#8221; &#8211; (EURAIL-ING)<\/h2>\n<p>Licenca &#8221;Europski \u017eeljezni\u010dki in\u017eenjer&#8221; je jedinstveni dokaz o kvaliteti kvalifikacija i kompetentnosti za obavljanje usluga in\u017eenjerskih djelatnosti u \u017eeljezni\u010dkom sektoru, neophodan u Europi, a institucija ovla\u0161tena za izdavanje uvjerenja na temelju zahtjeva, je Unija Europskih \u017eeljezni\u010dkih in\u017eenjera &#8211; UEEIV<\/p>\n<p>Ova licenca je vi\u0161ezna\u010dna i to:<\/p>\n<p>a) za \u017eeljezni\u010dkog in\u017eenjera:<\/p>\n<ul>\n<li>predstavlja motivaciju za budu\u0107a osobna usavr\u0161avanja<\/li>\n<li>dokazuje njegove mogu\u0107nosti kao stru\u010dnjaka<\/li>\n<li>pove\u0107anje mogu\u0107nosti profesionalnog razvoja i<\/li>\n<li>omogu\u0107ava ve\u0107u profesionalnu radnu pokretljivost\u00a0unutar EU<\/li>\n<\/ul>\n<p>b) za poduze\u0107a \u017eeljezni\u010dke industrije:<\/p>\n<ul>\n<li>garanciju sigurnosti visokokvalitetnih usluga odr\u017eavanja<\/li>\n<li>kriterij selekcije prilikom odabira za zapo\u0161ljavanje\u00a0\u017eeljezni\u010dkih in\u017eenjera<\/li>\n<\/ul>\n<p>c) za obrazovne institucije i fakultete:<\/p>\n<ul>\n<li>usporedivo in\u017eenjersko\u00a0obrazovanje na visokokvalitetnoj razini uzimaju\u0107i u obzir europski razvoj<\/li>\n<\/ul>\n<p>Svrha licence:<\/p>\n<ul>\n<li>pobolj\u0161ati poziciju, ulogu i odgovornost in\u017eenjera u\u00a0okvirima tvrtke u kojoj radi<\/li>\n<li>pru\u017eiti osnovu za uzajamno priznavanje kompetencija<\/li>\n<li>promovirati profesionalno usavr\u0161avanje i kvalifikaciju in\u017eenjera u \u017eeljezni\u010dkom sektoru\u009f<\/li>\n<li>pru\u017eiti poslodavcima dokument \u00a0koji se odnosi na cjelokupno profesionalno obrazovanje in\u017eenjera<\/li>\n<li>obuhvatiti i uklju\u010diti rastu\u0107i broj in\u017eenjera iz tranzicijskih zemalja u proces suvremenog internacionalnog razvoja<\/li>\n<li>pru\u017eiti poduze\u0107ima mogu\u0107nost stvaranja publiciteta kroz stru\u010dne zaposlenike koji imaju certifikat &#8221; Europski \u017eeljezni\u010dki in\u017eenjer&#8221;<\/li>\n<li>istovremeno poticati \u017eeljeznice da u okvirima javno raspisivanih natje\u010daja, pri dodjeli poslova, daju prioritet onim poduze\u0107ima koja zapo\u0161ljavaju osposobljene osobe<\/li>\n<\/ul>\n<p>&nbsp;<\/p>\n<p>[\/et_pb_text][\/et_pb_column][et_pb_column type=&#8221;2_5&#8243; _builder_version=&#8221;4.0.9&#8243;][et_pb_text _builder_version=&#8221;4.0.9&#8243; text_font=&#8221;Muli|600|||||||&#8221; text_text_color=&#8221;#ffffff&#8221; text_font_size=&#8221;17px&#8221; link_text_color=&#8221;#ffffff&#8221; background_color=&#8221;#41547d&#8221; text_orientation=&#8221;justified&#8221; background_layout=&#8221;dark&#8221; custom_margin=&#8221;25px|49px||30px|false|false&#8221; custom_padding=&#8221;32px|39px|38px|32px|false|false&#8221; hover_enabled=&#8221;0&#8243; box_shadow_style=&#8221;preset1&#8243; box_shadow_vertical=&#8221;19px&#8221; box_shadow_blur=&#8221;59px&#8221;]<\/p>\n<p style=\"text-align: justify;\">Informacije vezane uz postupak stjecanja EURAIL-ING certifikata<span style=\"font-size: 17px; text-align: center;\"><\/span><span style=\"font-size: 17px; text-align: center;\"> mo\u017eete dobiti kod:\u00a0 \u00a0 \u00a0 \u00a0 \u00a0 \u00a0 \u00a0 \u00a0 \u00a0 \u00a0 \u00a0 \u00a0 \u00a0 \u00a0 \u00a0 \u00a0 \u00a0 \u00a0 \u00a0 \u00a0 \u00a0 \u00a0 \u00a0\u00a0 <\/span><\/p>\n<p style=\"text-align: center;\"><span style=\"font-size: 17px; text-align: center;\">Dean Lali\u0107, dipl.ing.gra\u0111.<br \/> <\/span><\/p>\n<p style=\"text-align: center;\"><span style=\"font-size: 17px; text-align: center;\">dean.lalic@hzinfra.hr<br \/> <\/span><\/p>\n<p>[\/et_pb_text][\/et_pb_column][\/et_pb_row][\/et_pb_section][et_pb_section fb_built=&#8221;1&#8243; _builder_version=&#8221;4.0.9&#8243; use_background_color_gradient=&#8221;on&#8221; background_color_gradient_start=&#8221;rgba(112,112,112,0.48)&#8221; background_color_gradient_end=&#8221;rgba(0,0,0,0.08)&#8221; background_enable_image=&#8221;off&#8221; parallax=&#8221;on&#8221; custom_margin=&#8221;11px||||false|false&#8221;][et_pb_row column_structure=&#8221;1_3,1_3,1_3&#8243; _builder_version=&#8221;4.0.9&#8243;][et_pb_column type=&#8221;1_3&#8243; _builder_version=&#8221;4.0.9&#8243; box_shadow_style=&#8221;preset1&#8243; box_shadow_horizontal=&#8221;-41px&#8221; box_shadow_vertical=&#8221;45px&#8221; box_shadow_blur=&#8221;180px&#8221; box_shadow_color=&#8221;rgba(0,0,0,0.35)&#8221;][et_pb_login title=&#8221;Ulogirajte se&#8221; _builder_version=&#8221;4.0.9&#8243; form_field_background_color=&#8221;#ffffff&#8221; form_field_focus_background_color=&#8221;#ffffff&#8221; header_font=&#8221;|300|||||||&#8221; header_text_align=&#8221;center&#8221; header_text_color=&#8221;#ffffff&#8221; header_font_size=&#8221;27px&#8221; header_line_height=&#8221;1.3em&#8221; background_color=&#8221;#7192c7&#8243; custom_button=&#8221;on&#8221; button_text_size=&#8221;12px&#8221; button_text_color=&#8221;#41547d&#8221; button_bg_color=&#8221;#ffffff&#8221; button_border_width=&#8221;0px&#8221; button_border_color=&#8221;rgba(0,0,0,0)&#8221; button_border_radius=&#8221;0px&#8221; button_letter_spacing=&#8221;2px&#8221; button_font=&#8221;Muli|800||on|||||&#8221; button_custom_padding=&#8221;6px|0px|6px|0px|false|false&#8221; width=&#8221;100%&#8221; max_width=&#8221;100%&#8221; header_text_shadow_style=&#8221;preset5&#8243; header_text_shadow_horizontal_length=&#8221;0.04em&#8221; header_text_shadow_vertical_length=&#8221;0.04em&#8221; header_text_shadow_color=&#8221;#000000&#8243; header_text_shadow_horizontal_length_tablet=&#8221;0px&#8221; header_text_shadow_vertical_length_tablet=&#8221;0px&#8221; header_text_shadow_blur_strength_tablet=&#8221;1px&#8221; border_radii_fields=&#8221;on|0px|0px|0px|0px&#8221; box_shadow_horizontal_button_tablet=&#8221;0px&#8221; box_shadow_vertical_button_tablet=&#8221;0px&#8221; box_shadow_blur_button_tablet=&#8221;40px&#8221; box_shadow_spread_button_tablet=&#8221;0px&#8221; header_text_shadow_blur_strength__hover_enabled=&#8221;on|desktop&#8221; button_bg_color__hover_enabled=&#8221;on|hover&#8221;][\/et_pb_login][\/et_pb_column][et_pb_column type=&#8221;1_3&#8243; _builder_version=&#8221;4.0.9&#8243; background_color=&#8221;#7192c7&#8243; box_shadow_style=&#8221;preset1&#8243; box_shadow_horizontal=&#8221;-41px&#8221; box_shadow_vertical=&#8221;45px&#8221; box_shadow_blur=&#8221;180px&#8221; box_shadow_color=&#8221;rgba(0,0,0,0.35)&#8221;][et_pb_text _builder_version=&#8221;4.0.9&#8243; text_font=&#8221;|300|||||||&#8221; text_text_color=&#8221;#ffffff&#8221; text_font_size=&#8221;27px&#8221; background_color=&#8221;#7192c7&#8243; custom_margin=&#8221;0px||||false|false&#8221; custom_padding=&#8221;32px||0px||false|false&#8221; text_text_shadow_style=&#8221;preset5&#8243; text_text_shadow_horizontal_length=&#8221;0.04em&#8221; text_text_shadow_vertical_length=&#8221;0.04em&#8221; text_text_shadow_color=&#8221;#000000&#8243;]<\/p>\n<p style=\"text-align: center;\">Pristupnica<\/p>\n<p>[\/et_pb_text][et_pb_text _builder_version=&#8221;4.0.2&#8243; text_font=&#8221;Roboto|300|||||||&#8221; text_text_color=&#8221;#ffffff&#8221; text_line_height=&#8221;1.8em&#8221; background_enable_color=&#8221;off&#8221; text_orientation=&#8221;justified&#8221; custom_margin=&#8221;-1px||17px||false|false&#8221; custom_padding=&#8221;13px||33px||false|false&#8221;]<\/p>\n<p style=\"text-align: center;\">OVDJE MO\u017dETE PREUZETI PRISTUPNICU ZA \u010cLANSTVO U DRU\u0160TVU\u00a0 HRVATSKO DRU\u0160TVA \u017dELJEZNI\u010cKIH IN\u017dENJERA<\/p>\n<p>[\/et_pb_text][et_pb_button button_url=&#8221;\/wp-content\/uploads\/2019\/11\/Pristupnica_hdzi123.docx&#8221; button_text=&#8221;Preuzmi pristupnicu&#8221; button_alignment=&#8221;center&#8221; button_text_tablet=&#8221;&#8221; button_text_phone=&#8221;&#8221; button_text_last_edited=&#8221;on|desktop&#8221; _builder_version=&#8221;4.0.9&#8243; custom_button=&#8221;on&#8221; button_text_size=&#8221;12px&#8221; button_text_color=&#8221;#41547d&#8221; button_bg_color=&#8221;#ffffff&#8221; button_border_width=&#8221;0px&#8221; button_border_color=&#8221;rgba(0,0,0,0)&#8221; button_border_radius=&#8221;0px&#8221; button_letter_spacing=&#8221;2px&#8221; button_font=&#8221;Muli|800||on|||||&#8221; transform_translate=&#8221;1px|0px&#8221; background_layout=&#8221;dark&#8221; custom_margin=&#8221;0px||41px||false|false&#8221; custom_padding=&#8221;10px|30px|12px|30px|false|false&#8221; box_shadow_horizontal_button_tablet=&#8221;0px&#8221; box_shadow_vertical_button_tablet=&#8221;0px&#8221; box_shadow_blur_button_tablet=&#8221;40px&#8221; box_shadow_spread_button_tablet=&#8221;0px&#8221; button_bg_color__hover_enabled=&#8221;on|hover&#8221;][\/et_pb_button][\/et_pb_column][et_pb_column type=&#8221;1_3&#8243; _builder_version=&#8221;4.0.9&#8243; background_color=&#8221;#7192c7&#8243; box_shadow_style=&#8221;preset1&#8243; box_shadow_horizontal=&#8221;-41px&#8221; box_shadow_vertical=&#8221;45px&#8221; box_shadow_blur=&#8221;180px&#8221; box_shadow_color=&#8221;rgba(0,0,0,0.35)&#8221;][et_pb_text _builder_version=&#8221;4.0.9&#8243; text_font=&#8221;|300|||||||&#8221; text_text_color=&#8221;#ffffff&#8221; text_font_size=&#8221;27px&#8221; header_font=&#8221;|300|||||||&#8221; background_color=&#8221;rgba(0,0,0,0)&#8221; custom_margin=&#8221;0px||16px||false|false&#8221; custom_padding=&#8221;37px||17px||false|false&#8221; text_text_shadow_style=&#8221;preset5&#8243; text_text_shadow_horizontal_length=&#8221;0.04em&#8221; text_text_shadow_vertical_length=&#8221;0.04em&#8221; text_text_shadow_color=&#8221;#000000&#8243;]<\/p>\n<p style=\"text-align: center;\">EURAIL-ING<\/p>\n<p>[\/et_pb_text][et_pb_text _builder_version=&#8221;4.0.9&#8243; text_font=&#8221;Roboto|300|||||||&#8221; text_text_color=&#8221;#ffffff&#8221; text_font_size=&#8221;19px&#8221; header_font=&#8221;|600|||||||&#8221; background_enable_color=&#8221;off&#8221; custom_padding=&#8221;5px|12px|30px|8px|false|false&#8221;]<\/p>\n<p style=\"text-align: center;\">Licenca &#8221;\u00a0Europski \u017eeljezni\u010dki in\u017eenjer&#8221; &#8211; (EURAIL-ING)<\/p>\n<p>[\/et_pb_text][et_pb_text _builder_version=&#8221;4.0.9&#8243; text_font=&#8221;Roboto|300|||||||&#8221; text_text_color=&#8221;#ffffff&#8221; text_font_size=&#8221;19px&#8221; header_font=&#8221;|600|||||||&#8221; background_enable_color=&#8221;off&#8221; custom_padding=&#8221;5px|12px|30px|8px|false|false&#8221;]<\/p>\n<p style=\"text-align: center;\"><img loading=\"lazy\" decoding=\"async\" class=\"wp-image-251 alignnone size-medium\" src=\"https:\/\/hdzi.hr\/wpnew\/wp-content\/uploads\/2019\/09\/logo.gif-300x117.png\" alt=\"\" width=\"149\" height=\"58\" srcset=\"https:\/\/hdzi.hr\/wpnew\/wp-content\/uploads\/2019\/09\/logo.gif-300x117.png 300w, https:\/\/hdzi.hr\/wpnew\/wp-content\/uploads\/2019\/09\/logo.gif.png 383w\" sizes=\"auto, (max-width: 149px) 100vw, 149px\" \/><\/p>\n<p>[\/et_pb_text][\/et_pb_column][\/et_pb_row][\/et_pb_section][et_pb_section fb_built=&#8221;1&#8243; _builder_version=&#8221;4.0.9&#8243; background_color=&#8221;#7192c7&#8243; custom_padding=&#8221;7px||8px||false|false&#8221;][et_pb_row column_structure=&#8221;1_2,1_2&#8243; use_custom_gutter=&#8221;on&#8221; gutter_width=&#8221;1&#8243; _builder_version=&#8221;4.0.9&#8243;][et_pb_column type=&#8221;1_2&#8243; _builder_version=&#8221;4.0.9&#8243; custom_padding=&#8221;0px||0px||false|false&#8221;][et_pb_button button_text=&#8221;Kontaktirajte nas&#8221; _builder_version=&#8221;4.0.9&#8243; custom_button=&#8221;on&#8221; button_text_size=&#8221;27px&#8221; button_text_color=&#8221;#ffffff&#8221; button_border_width=&#8221;0px&#8221; button_border_color=&#8221;#ffffff&#8221; button_border_radius=&#8221;27px&#8221; button_font=&#8221;|300|||||||&#8221; custom_margin=&#8221;0px||20px||false|false&#8221; custom_padding=&#8221;0px|||6px|false|false&#8221; button_text_shadow_style=&#8221;preset5&#8243; button_text_shadow_horizontal_length=&#8221;0.06em&#8221; button_text_shadow_vertical_length=&#8221;0.04em&#8221; button_text_shadow_color=&#8221;rgba(0,0,0,0.85)&#8221; button_text_shadow_horizontal_length_tablet=&#8221;0px&#8221; button_text_shadow_vertical_length_tablet=&#8221;0px&#8221; button_text_shadow_blur_strength_tablet=&#8221;1px&#8221; box_shadow_horizontal_button_tablet=&#8221;0px&#8221; box_shadow_vertical_button_tablet=&#8221;0px&#8221; box_shadow_blur_button_tablet=&#8221;40px&#8221; box_shadow_spread_button_tablet=&#8221;0px&#8221; button_bg_color__hover_enabled=&#8221;off|desktop&#8221;][\/et_pb_button][et_pb_blurb title=&#8221;Gdje smo&#8221; use_icon=&#8221;on&#8221; font_icon=&#8221;%%249%%&#8221; icon_color=&#8221;#ffffff&#8221; use_circle=&#8221;on&#8221; circle_color=&#8221;#41547d&#8221; icon_placement=&#8221;left&#8221; content_max_width=&#8221;1100px&#8221; _builder_version=&#8221;4.0.9&#8243; header_font=&#8221;Muli|700|||||||&#8221; header_font_size=&#8221;14px&#8221; body_text_color=&#8221;#ffffff&#8221; body_font_size=&#8221;12px&#8221; body_line_height=&#8221;2em&#8221; custom_margin=&#8221;||22px||false|false&#8221; custom_padding=&#8221;2px||||false|false&#8221;]Petrinjska 89, 10000 Zagreb<br \/>\n[\/et_pb_blurb][et_pb_blurb title=&#8221;Nazovite nas&#8221; use_icon=&#8221;on&#8221; font_icon=&#8221;%%264%%&#8221; icon_color=&#8221;#ffffff&#8221; use_circle=&#8221;on&#8221; circle_color=&#8221;#41547d&#8221; icon_placement=&#8221;left&#8221; content_max_width=&#8221;1100px&#8221; _builder_version=&#8221;4.0.9&#8243; header_font=&#8221;Muli|700|||||||&#8221; header_font_size=&#8221;14px&#8221; body_text_color=&#8221;#ffffff&#8221; body_font_size=&#8221;12px&#8221; body_line_height=&#8221;2em&#8221; custom_margin=&#8221;||23px||false|false&#8221; custom_padding=&#8221;||0px||false|false&#8221;]Tel.\/fax: +385 1 378-2858<br \/>\n[\/et_pb_blurb][et_pb_blurb title=&#8221;E-adresa&#8221; use_icon=&#8221;on&#8221; font_icon=&#8221;%%238%%&#8221; icon_color=&#8221;#ffffff&#8221; use_circle=&#8221;on&#8221; circle_color=&#8221;#41547d&#8221; icon_placement=&#8221;left&#8221; content_max_width=&#8221;1100px&#8221; _builder_version=&#8221;4.0.9&#8243; header_font=&#8221;Muli|700|||||||&#8221; header_font_size=&#8221;14px&#8221; body_font=&#8221;||||||||&#8221; body_text_color=&#8221;#ffffff&#8221; body_font_size=&#8221;12px&#8221; body_line_height=&#8221;2em&#8221; custom_margin=&#8221;1px||||false|false&#8221; custom_padding=&#8221;0px||||false|false&#8221;]<span id=\"cloak15308\" style=\"color: #ffffff;\"><a style=\"color: #ffffff;\" href=\"mailto:hdzi@hdzi.hr\" rel=\"alternate\">hdzi@hdzi.hr<\/a><\/span><br \/>\n[\/et_pb_blurb][\/et_pb_column][et_pb_column type=&#8221;1_2&#8243; _builder_version=&#8221;4.0.9&#8243; custom_padding=&#8221;|||0px|false|false&#8221;][et_pb_contact_form submit_button_text=&#8221;po\u0161alji&#8221; _builder_version=&#8221;4.0.9&#8243; form_field_background_color=&#8221;#ffffff&#8221; captcha_text_color=&#8221;#ffffff&#8221; captcha_letter_spacing=&#8221;1px&#8221; custom_button=&#8221;on&#8221; button_text_size=&#8221;12px&#8221; button_text_color=&#8221;#41547d&#8221; button_bg_color=&#8221;#ffffff&#8221; button_border_width=&#8221;0px&#8221; button_border_color=&#8221;rgba(0,0,0,0)&#8221; button_border_radius=&#8221;0px&#8221; button_letter_spacing=&#8221;2px&#8221; button_font=&#8221;Muli|800||on|||||&#8221; custom_margin=&#8221;15px||7px||false|false&#8221; box_shadow_style_button=&#8221;preset1&#8243; box_shadow_horizontal_button=&#8221;-41px&#8221; box_shadow_vertical_button=&#8221;45px&#8221; box_shadow_blur_button=&#8221;180px&#8221; box_shadow_color_button=&#8221;rgba(0,0,0,0.35)&#8221; button_bg_color__hover_enabled=&#8221;on|hover&#8221;][et_pb_contact_field field_id=&#8221;Name&#8221; field_title=&#8221;Name&#8221; _builder_version=&#8221;3.16&#8243; button_text_size__hover_enabled=&#8221;off&#8221; button_one_text_size__hover_enabled=&#8221;off&#8221; button_two_text_size__hover_enabled=&#8221;off&#8221; button_text_color__hover_enabled=&#8221;off&#8221; button_one_text_color__hover_enabled=&#8221;off&#8221; button_two_text_color__hover_enabled=&#8221;off&#8221; button_border_width__hover_enabled=&#8221;off&#8221; button_one_border_width__hover_enabled=&#8221;off&#8221; button_two_border_width__hover_enabled=&#8221;off&#8221; button_border_color__hover_enabled=&#8221;off&#8221; button_one_border_color__hover_enabled=&#8221;off&#8221; button_two_border_color__hover_enabled=&#8221;off&#8221; button_border_radius__hover_enabled=&#8221;off&#8221; button_one_border_radius__hover_enabled=&#8221;off&#8221; button_two_border_radius__hover_enabled=&#8221;off&#8221; button_letter_spacing__hover_enabled=&#8221;off&#8221; button_one_letter_spacing__hover_enabled=&#8221;off&#8221; button_two_letter_spacing__hover_enabled=&#8221;off&#8221; button_bg_color__hover_enabled=&#8221;off&#8221; button_one_bg_color__hover_enabled=&#8221;off&#8221; button_two_bg_color__hover_enabled=&#8221;off&#8221;][\/et_pb_contact_field][et_pb_contact_field field_id=&#8221;Email&#8221; field_title=&#8221;Email Address&#8221; field_type=&#8221;email&#8221; _builder_version=&#8221;3.16&#8243; button_text_size__hover_enabled=&#8221;off&#8221; button_one_text_size__hover_enabled=&#8221;off&#8221; button_two_text_size__hover_enabled=&#8221;off&#8221; button_text_color__hover_enabled=&#8221;off&#8221; button_one_text_color__hover_enabled=&#8221;off&#8221; button_two_text_color__hover_enabled=&#8221;off&#8221; button_border_width__hover_enabled=&#8221;off&#8221; button_one_border_width__hover_enabled=&#8221;off&#8221; button_two_border_width__hover_enabled=&#8221;off&#8221; button_border_color__hover_enabled=&#8221;off&#8221; button_one_border_color__hover_enabled=&#8221;off&#8221; button_two_border_color__hover_enabled=&#8221;off&#8221; button_border_radius__hover_enabled=&#8221;off&#8221; button_one_border_radius__hover_enabled=&#8221;off&#8221; button_two_border_radius__hover_enabled=&#8221;off&#8221; button_letter_spacing__hover_enabled=&#8221;off&#8221; button_one_letter_spacing__hover_enabled=&#8221;off&#8221; button_two_letter_spacing__hover_enabled=&#8221;off&#8221; button_bg_color__hover_enabled=&#8221;off&#8221; button_one_bg_color__hover_enabled=&#8221;off&#8221; button_two_bg_color__hover_enabled=&#8221;off&#8221;][\/et_pb_contact_field][et_pb_contact_field field_id=&#8221;Message&#8221; field_title=&#8221;Message&#8221; field_type=&#8221;text&#8221; fullwidth_field=&#8221;on&#8221; _builder_version=&#8221;3.16&#8243; button_text_size__hover_enabled=&#8221;off&#8221; button_one_text_size__hover_enabled=&#8221;off&#8221; button_two_text_size__hover_enabled=&#8221;off&#8221; button_text_color__hover_enabled=&#8221;off&#8221; button_one_text_color__hover_enabled=&#8221;off&#8221; button_two_text_color__hover_enabled=&#8221;off&#8221; button_border_width__hover_enabled=&#8221;off&#8221; button_one_border_width__hover_enabled=&#8221;off&#8221; button_two_border_width__hover_enabled=&#8221;off&#8221; button_border_color__hover_enabled=&#8221;off&#8221; button_one_border_color__hover_enabled=&#8221;off&#8221; button_two_border_color__hover_enabled=&#8221;off&#8221; button_border_radius__hover_enabled=&#8221;off&#8221; button_one_border_radius__hover_enabled=&#8221;off&#8221; button_two_border_radius__hover_enabled=&#8221;off&#8221; button_letter_spacing__hover_enabled=&#8221;off&#8221; button_one_letter_spacing__hover_enabled=&#8221;off&#8221; button_two_letter_spacing__hover_enabled=&#8221;off&#8221; button_bg_color__hover_enabled=&#8221;off&#8221; button_one_bg_color__hover_enabled=&#8221;off&#8221; button_two_bg_color__hover_enabled=&#8221;off&#8221;][\/et_pb_contact_field][\/et_pb_contact_form][\/et_pb_column][\/et_pb_row][\/et_pb_section]<\/p>\n","protected":false},"excerpt":{"rendered":"<p>Razvoj \u017eeljeznica u Europi Europske \u017eeljeznice zajedni\u010dki se neprestano razvijaju, a granice zemalja vi\u0161e nisu granice \u017eeljeznica. Nacionalne \u017eeljezni\u010dke mre\u017ee otvaraju se i za druge korisnike, te postaju pristupa\u010dne svim operaterima koji zadovoljavaju propisane zahtjeve. EC je definirala smjernice za cijelu Europu, a jedan od klju\u010dnih ciljeva je uskla\u0111ivanja tehni\u010dkih i operativnih aktivnosti \u017eeljezni\u010dkih sustava. [&hellip;]<\/p>\n","protected":false},"author":1,"featured_media":0,"parent":0,"menu_order":0,"comment_status":"closed","ping_status":"closed","template":"","meta":{"_et_pb_use_builder":"on","_et_pb_old_content":"","_et_gb_content_width":"","footnotes":""},"class_list":["post-837","page","type-page","status-publish","hentry"],"_links":{"self":[{"href":"https:\/\/hdzi.hr\/wpnew\/index.php?rest_route=\/wp\/v2\/pages\/837","targetHints":{"allow":["GET"]}}],"collection":[{"href":"https:\/\/hdzi.hr\/wpnew\/index.php?rest_route=\/wp\/v2\/pages"}],"about":[{"href":"https:\/\/hdzi.hr\/wpnew\/index.php?rest_route=\/wp\/v2\/types\/page"}],"author":[{"embeddable":true,"href":"https:\/\/hdzi.hr\/wpnew\/index.php?rest_route=\/wp\/v2\/users\/1"}],"replies":[{"embeddable":true,"href":"https:\/\/hdzi.hr\/wpnew\/index.php?rest_route=%2Fwp%2Fv2%2Fcomments&post=837"}],"version-history":[{"count":14,"href":"https:\/\/hdzi.hr\/wpnew\/index.php?rest_route=\/wp\/v2\/pages\/837\/revisions"}],"predecessor-version":[{"id":3954,"href":"https:\/\/hdzi.hr\/wpnew\/index.php?rest_route=\/wp\/v2\/pages\/837\/revisions\/3954"}],"wp:attachment":[{"href":"https:\/\/hdzi.hr\/wpnew\/index.php?rest_route=%2Fwp%2Fv2%2Fmedia&parent=837"}],"curies":[{"name":"wp","href":"https:\/\/api.w.org\/{rel}","templated":true}]}}